{"id":5654,"date":"2023-10-23T13:06:33","date_gmt":"2023-10-23T11:06:33","guid":{"rendered":"https:\/\/valmetplating.it\/?page_id=5654"},"modified":"2024-01-04T16:30:15","modified_gmt":"2024-01-04T15:30:15","slug":"conseil-technique-specialiste","status":"publish","type":"page","link":"https:\/\/valmetplating.it\/fr\/conseil-technique-specialiste\/","title":{"rendered":"Conseil technique sp\u00e9cialiste"},"content":{"rendered":"\t\t<div data-elementor-type=\"wp-page\" data-elementor-id=\"5654\" class=\"elementor elementor-5654 elementor-5652\" data-elementor-post-type=\"page\">\n\t\t\t\t\t\t<section class=\"elementor-section elementor-top-section elementor-element elementor-element-eda602d elementor-reverse-tablet elementor-reverse-mobile elementor-section-boxed elementor-section-height-default elementor-section-height-default\" data-id=\"eda602d\" data-element_type=\"section\" data-e-type=\"section\" data-settings=\"{&quot;background_background&quot;:&quot;classic&quot;}\">\n\t\t\t\t\t\t\t<div class=\"elementor-background-overlay\"><\/div>\n\t\t\t\t\t\t\t<div class=\"elementor-container elementor-column-gap-default\">\n\t\t\t\t\t<div class=\"elementor-column elementor-col-50 elementor-top-column elementor-element elementor-element-6fc9ba0\" data-id=\"6fc9ba0\" data-element_type=\"column\" data-e-type=\"column\">\n\t\t\t<div class=\"elementor-widget-wrap elementor-element-populated\">\n\t\t\t\t\t\t<div class=\"elementor-element elementor-element-32032d3 elementor-widget elementor-widget-heading\" data-id=\"32032d3\" data-element_type=\"widget\" data-e-type=\"widget\" data-widget_type=\"heading.default\">\n\t\t\t\t<div class=\"elementor-widget-container\">\n\t\t\t\t\t<h2 class=\"elementor-heading-title elementor-size-default\">Conseil technique<br>ET SPECIALISTE<\/h2>\t\t\t\t<\/div>\n\t\t\t\t<\/div>\n\t\t\t\t<div class=\"elementor-element elementor-element-8c20d36 elementor-widget elementor-widget-heading\" data-id=\"8c20d36\" data-element_type=\"widget\" data-e-type=\"widget\" data-widget_type=\"heading.default\">\n\t\t\t\t<div class=\"elementor-widget-container\">\n\t\t\t\t\t<h2 class=\"elementor-heading-title elementor-size-default\">Remplissez le formulaire: nous traiterons votre demande dans un d\u00e9lai d'un jour ouvrable<\/h2>\t\t\t\t<\/div>\n\t\t\t\t<\/div>\n\t\t\t\t<div class=\"elementor-element elementor-element-80e0a44 elementor-widget elementor-widget-heading\" data-id=\"80e0a44\" data-element_type=\"widget\" data-e-type=\"widget\" data-widget_type=\"heading.default\">\n\t\t\t\t<div class=\"elementor-widget-container\">\n\t\t\t\t\t<h2 class=\"elementor-heading-title elementor-size-default\">Faites-nous part de vos besoins, des probl\u00e8mes que vous devez r\u00e9soudre et des doutes relatifs \u00e0 vos phases de production. Nous vous r\u00e9pondrons sous un jour ouvr\u00e9 en vous indiquant la meilleure voie \u00e0 suivre selon notre exp\u00e9rience et les connaissances de notre \u00e9quipe de laboratoire.<\/h2>\t\t\t\t<\/div>\n\t\t\t\t<\/div>\n\t\t\t\t<div class=\"elementor-element elementor-element-f56da1c elementor-widget elementor-widget-button\" data-id=\"f56da1c\" data-element_type=\"widget\" data-e-type=\"widget\" data-widget_type=\"button.default\">\n\t\t\t\t<div class=\"elementor-widget-container\">\n\t\t\t\t\t\t\t\t\t<div class=\"elementor-button-wrapper\">\n\t\t\t\t\t<a class=\"elementor-button elementor-button-link elementor-size-sm\" href=\"#1\">\n\t\t\t\t\t\t<span class=\"elementor-button-content-wrapper\">\n\t\t\t\t\t\t\t\t\t<span class=\"elementor-button-text\">SIGNALER LE PROBLEME<\/span>\n\t\t\t\t\t<\/span>\n\t\t\t\t\t<\/a>\n\t\t\t\t<\/div>\n\t\t\t\t\t\t\t\t<\/div>\n\t\t\t\t<\/div>\n\t\t\t\t\t<\/div>\n\t\t<\/div>\n\t\t\t\t<div class=\"elementor-column elementor-col-50 elementor-top-column elementor-element elementor-element-86feeaa\" data-id=\"86feeaa\" data-element_type=\"column\" data-e-type=\"column\">\n\t\t\t<div class=\"elementor-widget-wrap\">\n\t\t\t\t\t\t\t<\/div>\n\t\t<\/div>\n\t\t\t\t\t<\/div>\n\t\t<\/section>\n\t\t\t\t<section class=\"elementor-section elementor-top-section elementor-element elementor-element-cbfb345 elementor-section-boxed elementor-section-height-default elementor-section-height-default\" data-id=\"cbfb345\" data-element_type=\"section\" data-e-type=\"section\">\n\t\t\t\t\t\t<div class=\"elementor-container elementor-column-gap-default\">\n\t\t\t\t\t<div class=\"elementor-column elementor-col-50 elementor-top-column elementor-element elementor-element-bb411bf\" data-id=\"bb411bf\" data-element_type=\"column\" data-e-type=\"column\">\n\t\t\t<div class=\"elementor-widget-wrap elementor-element-populated\">\n\t\t\t\t\t\t<div class=\"elementor-element elementor-element-db0a5d3 elementor-widget elementor-widget-heading\" data-id=\"db0a5d3\" data-element_type=\"widget\" data-e-type=\"widget\" data-widget_type=\"heading.default\">\n\t\t\t\t<div class=\"elementor-widget-container\">\n\t\t\t\t\t<h2 class=\"elementor-heading-title elementor-size-default\">Nous avons d\u00e9velopp\u00e9 un service d'assistance initiale et de conseil technique visant \u00e0 vous fournir des indications pr\u00e9cises sur les probl\u00e8mes \u00e0 r\u00e9soudre ou les doutes \u00e0 dissiper.<\/h2>\t\t\t\t<\/div>\n\t\t\t\t<\/div>\n\t\t\t\t<div class=\"elementor-element elementor-element-de23407 elementor-widget elementor-widget-text-editor\" data-id=\"de23407\" data-element_type=\"widget\" data-e-type=\"widget\" data-widget_type=\"text-editor.default\">\n\t\t\t\t<div class=\"elementor-widget-container\">\n\t\t\t\t\t\t\t\t\t<p>Remplissez le formulaire ci-dessous et faites-nous part de vos doutes. Le reporting est tr\u00e8s rapide et n\u00e9cessite de remplir quelques champs. Le message sera directement adress\u00e9 \u00e0 notre \u00e9quipe du laboratoire qui, dans un d\u00e9lai d&rsquo;un jour ouvrable, vous apportera une premi\u00e8re r\u00e9ponse \u00e0 vos questions.<\/p>\n\t\t\t\t\t\t\t\t<\/div>\n\t\t\t\t<\/div>\n\t\t\t\t\t<\/div>\n\t\t<\/div>\n\t\t\t\t<div class=\"elementor-column elementor-col-50 elementor-top-column elementor-element elementor-element-17ef975\" data-id=\"17ef975\" data-element_type=\"column\" data-e-type=\"column\">\n\t\t\t<div class=\"elementor-widget-wrap elementor-element-populated\">\n\t\t\t\t\t\t<div class=\"elementor-element elementor-element-f1d9265 elementor-widget elementor-widget-text-editor\" data-id=\"f1d9265\" data-element_type=\"widget\" data-e-type=\"widget\" data-widget_type=\"text-editor.default\">\n\t\t\t\t<div class=\"elementor-widget-container\">\n\t\t\t\t\t\t\t\t\t<p>La r\u00e9ponse peut \u00eatre ponctuelle ou, si le probl\u00e8me est complexe, elle peut passer par un entretien t\u00e9l\u00e9phonique ou une demande de pr\u00e9cisions.<\/p>\n<p>Le service est con\u00e7u pour acc\u00e9l\u00e9rer la r\u00e9solution de certains probl\u00e8mes critiques inh\u00e9rents au cycle de production des accessoires, du mat\u00e9riau de base au produit fini.<\/p>\n<p>Les services de conseil et d&rsquo;assistance technique que nous proposons concernent : le conseil technique, l&rsquo;analyse des d\u00e9fauts, le contr\u00f4le qualit\u00e9, les tests et le conseil r\u00e9glementaire.<\/p>\n\t\t\t\t\t\t\t\t<\/div>\n\t\t\t\t<\/div>\n\t\t\t\t<div class=\"elementor-element elementor-element-f289c9a elementor-widget elementor-widget-button\" data-id=\"f289c9a\" data-element_type=\"widget\" data-e-type=\"widget\" data-widget_type=\"button.default\">\n\t\t\t\t<div class=\"elementor-widget-container\">\n\t\t\t\t\t\t\t\t\t<div class=\"elementor-button-wrapper\">\n\t\t\t\t\t<a class=\"elementor-button elementor-button-link elementor-size-sm\" href=\"#1\">\n\t\t\t\t\t\t<span class=\"elementor-button-content-wrapper\">\n\t\t\t\t\t\t\t\t\t<span class=\"elementor-button-text\">CLIQUEZ ICI ET ENVOYEZ VOTRE RAPPORT<\/span>\n\t\t\t\t\t<\/span>\n\t\t\t\t\t<\/a>\n\t\t\t\t<\/div>\n\t\t\t\t\t\t\t\t<\/div>\n\t\t\t\t<\/div>\n\t\t\t\t\t<\/div>\n\t\t<\/div>\n\t\t\t\t\t<\/div>\n\t\t<\/section>\n\t\t\t\t<section class=\"elementor-section elementor-top-section elementor-element elementor-element-956485a elementor-section-boxed elementor-section-height-default elementor-section-height-default\" data-id=\"956485a\" data-element_type=\"section\" data-e-type=\"section\">\n\t\t\t\t\t\t<div class=\"elementor-container elementor-column-gap-default\">\n\t\t\t\t\t<div class=\"elementor-column elementor-col-100 elementor-top-column elementor-element elementor-element-3096ef4\" data-id=\"3096ef4\" data-element_type=\"column\" data-e-type=\"column\">\n\t\t\t<div class=\"elementor-widget-wrap elementor-element-populated\">\n\t\t\t\t\t\t<div class=\"elementor-element elementor-element-dac09a4 elementor-widget elementor-widget-heading\" data-id=\"dac09a4\" data-element_type=\"widget\" data-e-type=\"widget\" id=\"1\" data-widget_type=\"heading.default\">\n\t\t\t\t<div class=\"elementor-widget-container\">\n\t\t\t\t\t<h2 class=\"elementor-heading-title elementor-size-default\">Racontez-nous votre probl\u00e8me : <br>nous traiterons votre demande dans un d\u00e9lai d'un jour ouvrable<\/h2>\t\t\t\t<\/div>\n\t\t\t\t<\/div>\n\t\t\t\t<div class=\"elementor-element elementor-element-beed272 elementor-button-align-stretch elementor-widget elementor-widget-form\" data-id=\"beed272\" data-element_type=\"widget\" data-e-type=\"widget\" data-settings=\"{&quot;step_next_label&quot;:&quot;Suivant&quot;,&quot;step_previous_label&quot;:&quot;Pr\\u00e9c\\u00e9dent&quot;,&quot;button_width&quot;:&quot;100&quot;,&quot;step_type&quot;:&quot;number_text&quot;,&quot;step_icon_shape&quot;:&quot;circle&quot;}\" data-widget_type=\"form.default\">\n\t\t\t\t<div class=\"elementor-widget-container\">\n\t\t\t\t\t\t\t<form class=\"elementor-form\" method=\"post\" name=\"Nouveau module\" aria-label=\"Nouveau module\">\n\t\t\t<input type=\"hidden\" name=\"post_id\" value=\"5654\"\/>\n\t\t\t<input type=\"hidden\" name=\"form_id\" value=\"beed272\"\/>\n\t\t\t<input type=\"hidden\" name=\"referer_title\" value=\"Valmet Plating\" \/>\n\n\t\t\t\n\t\t\t<div class=\"elementor-form-fields-wrapper elementor-labels-above\">\n\t\t\t\t\t\t\t\t<div class=\"elementor-field-type-text elementor-field-group elementor-column elementor-field-group-name elementor-col-100 elementor-field-required\">\n\t\t\t\t\t\t\t\t\t\t\t\t<label for=\"form-field-name\" class=\"elementor-field-label\">\n\t\t\t\t\t\t\t\t<b>Nom et Pr\u00e9nom du r\u00e9f\u00e9rent<\/b>\t\t\t\t\t\t\t<\/label>\n\t\t\t\t\t\t\t\t\t\t\t\t\t\t<input size=\"1\" type=\"text\" name=\"form_fields[name]\" id=\"form-field-name\" class=\"elementor-field elementor-size-sm  elementor-field-textual\" placeholder=\"Nom et Pr\u00e9nom\" required=\"required\">\n\t\t\t\t\t\t\t\t\t\t\t<\/div>\n\t\t\t\t\t\t\t\t<div class=\"elementor-field-type-text elementor-field-group elementor-column elementor-field-group-field_0765ac9 elementor-col-100 elementor-field-required\">\n\t\t\t\t\t\t\t\t\t\t\t\t<label for=\"form-field-field_0765ac9\" class=\"elementor-field-label\">\n\t\t\t\t\t\t\t\t<b>Entreprise<\/b>\t\t\t\t\t\t\t<\/label>\n\t\t\t\t\t\t\t\t\t\t\t\t\t\t<input size=\"1\" type=\"text\" name=\"form_fields[field_0765ac9]\" id=\"form-field-field_0765ac9\" class=\"elementor-field elementor-size-sm  elementor-field-textual\" placeholder=\"Entreprise\" required=\"required\">\n\t\t\t\t\t\t\t\t\t\t\t<\/div>\n\t\t\t\t\t\t\t\t<div class=\"elementor-field-type-email elementor-field-group elementor-column elementor-field-group-email elementor-col-100 elementor-field-required\">\n\t\t\t\t\t\t\t\t\t\t\t\t<label for=\"form-field-email\" class=\"elementor-field-label\">\n\t\t\t\t\t\t\t\t<b>Email<\/b>\t\t\t\t\t\t\t<\/label>\n\t\t\t\t\t\t\t\t\t\t\t\t\t\t<input size=\"1\" type=\"email\" name=\"form_fields[email]\" id=\"form-field-email\" class=\"elementor-field elementor-size-sm  elementor-field-textual\" placeholder=\"Email\" required=\"required\">\n\t\t\t\t\t\t\t\t\t\t\t<\/div>\n\t\t\t\t\t\t\t\t<div class=\"elementor-field-type-checkbox elementor-field-group elementor-column elementor-field-group-field_9281471 elementor-col-100\">\n\t\t\t\t\t\t\t\t\t\t\t\t<label for=\"form-field-field_9281471\" class=\"elementor-field-label\">\n\t\t\t\t\t\t\t\t<b>Pour quelle phase avez-vous besoin d\u2019assistance ?<\/b>\t\t\t\t\t\t\t<\/label>\n\t\t\t\t\t\t<div class=\"elementor-field-subgroup  \"><span class=\"elementor-field-option\"><input type=\"checkbox\" value=\"Tests de corrosion\" id=\"form-field-field_9281471-0\" name=\"form_fields[field_9281471][]\"> <label for=\"form-field-field_9281471-0\">Tests de corrosion<\/label><\/span><span class=\"elementor-field-option\"><input type=\"checkbox\" value=\"D\u00e9faut dans l&#039;accessoire\" id=\"form-field-field_9281471-1\" name=\"form_fields[field_9281471][]\"> <label for=\"form-field-field_9281471-1\">D\u00e9faut dans l'accessoire<\/label><\/span><span class=\"elementor-field-option\"><input type=\"checkbox\" value=\"Analyse d&#039;\u00e9paisseur\" id=\"form-field-field_9281471-2\" name=\"form_fields[field_9281471][]\"> <label for=\"form-field-field_9281471-2\">Analyse d'\u00e9paisseur<\/label><\/span><span class=\"elementor-field-option\"><input type=\"checkbox\" value=\"Tissus et cuir\" id=\"form-field-field_9281471-3\" name=\"form_fields[field_9281471][]\"> <label for=\"form-field-field_9281471-3\">Tissus et cuir<\/label><\/span><span class=\"elementor-field-option\"><input type=\"checkbox\" value=\"Autre\" id=\"form-field-field_9281471-4\" name=\"form_fields[field_9281471][]\"> <label for=\"form-field-field_9281471-4\">Autre<\/label><\/span><\/div>\t\t\t\t<\/div>\n\t\t\t\t\t\t\t\t<div class=\"elementor-field-type-textarea elementor-field-group elementor-column elementor-field-group-message elementor-col-100 elementor-field-required\">\n\t\t\t\t\t\t\t\t\t\t\t\t<label for=\"form-field-message\" class=\"elementor-field-label\">\n\t\t\t\t\t\t\t\t<b>D\u00e9crivez votre probl\u00e8me ou votre pr\u00e9occupation<\/b>\t\t\t\t\t\t\t<\/label>\n\t\t\t\t\t\t<textarea class=\"elementor-field-textual elementor-field  elementor-size-sm\" name=\"form_fields[message]\" id=\"form-field-message\" rows=\"4\" placeholder=\"Message\" required=\"required\"><\/textarea>\t\t\t\t<\/div>\n\t\t\t\t\t\t\t\t<div class=\"elementor-field-type-acceptance elementor-field-group elementor-column elementor-field-group-field_65e09be elementor-col-100 elementor-field-required\">\n\t\t\t\t\t\t\t<div class=\"elementor-field-subgroup\">\n\t\t\t<span class=\"elementor-field-option\">\n\t\t\t\t<input type=\"checkbox\" name=\"form_fields[field_65e09be]\" id=\"form-field-field_65e09be\" class=\"elementor-field elementor-size-sm  elementor-acceptance-field\" required=\"required\">\n\t\t\t\t<label for=\"form-field-field_65e09be\">En saisissant mes donn\u00e9es personnelles, j'accepte la <a href=\"https:\/\/www.iubenda.com\/privacy-policy\/70615498\">politique de confidentialit\u00e9<\/a> et la <a href=\"https:\/\/www.iubenda.com\/privacy-policy\/70615498\/cookie-policy\">politique en mati\u00e8re de cookies<\/a> de www.valmetplating.it.<\/label>\t\t\t<\/span>\n\t\t<\/div>\n\t\t\t\t\t\t<\/div>\n\t\t\t\t\t\t\t\t<div class=\"elementor-field-type-acceptance elementor-field-group elementor-column elementor-field-group-field_4f51c57 elementor-col-100\">\n\t\t\t\t\t\t\t<div class=\"elementor-field-subgroup\">\n\t\t\t<span class=\"elementor-field-option\">\n\t\t\t\t<input type=\"checkbox\" name=\"form_fields[field_4f51c57]\" id=\"form-field-field_4f51c57\" class=\"elementor-field elementor-size-sm  elementor-acceptance-field\">\n\t\t\t\t<label for=\"form-field-field_4f51c57\">Je confirme que je souhaite m'abonner \u00e0 la lettre d'information de Valmet Plating afin de recevoir des communications commerciales comme indiqu\u00e9 dans la <a href=\"\/privacy-policy-newsletter\/\">politique de confidentialit\u00e9 de la lettre d'information.<\/a><\/label>\t\t\t<\/span>\n\t\t<\/div>\n\t\t\t\t\t\t<\/div>\n\t\t\t\t\t\t\t\t<div class=\"elementor-field-group elementor-column elementor-field-type-submit elementor-col-100 e-form__buttons\">\n\t\t\t\t\t<button class=\"elementor-button elementor-size-sm\" type=\"submit\">\n\t\t\t\t\t\t<span class=\"elementor-button-content-wrapper\">\n\t\t\t\t\t\t\t\t\t\t\t\t\t\t\t\t\t\t\t\t\t\t<span class=\"elementor-button-text\">Envoyer<\/span>\n\t\t\t\t\t\t\t\t\t\t\t\t\t<\/span>\n\t\t\t\t\t<\/button>\n\t\t\t\t<\/div>\n\t\t\t<\/div>\n\t\t<\/form>\n\t\t\t\t\t\t<\/div>\n\t\t\t\t<\/div>\n\t\t\t\t\t<\/div>\n\t\t<\/div>\n\t\t\t\t\t<\/div>\n\t\t<\/section>\n\t\t\t\t<\/div>\n\t\t","protected":false},"excerpt":{"rendered":"<p>Conseil techniqueET SPECIALISTE Remplissez le formulaire: nous traiterons votre demande dans un d\u00e9lai d&rsquo;un jour ouvrable Faites-nous part de vos besoins, des probl\u00e8mes que vous devez r\u00e9soudre et des doutes relatifs \u00e0 vos phases de production. Nous vous r\u00e9pondrons sous un jour ouvr\u00e9 en vous indiquant la meilleure voie \u00e0 suivre selon notre exp\u00e9rience et [&hellip;]<\/p>\n","protected":false},"author":2,"featured_media":0,"parent":0,"menu_order":0,"comment_status":"closed","ping_status":"closed","template":"","meta":{"footnotes":""},"class_list":["post-5654","page","type-page","status-publish","hentry"],"yoast_head":"<!-- This site is optimized with the Yoast SEO plugin v27.1.1 - https:\/\/yoast.com\/product\/yoast-seo-wordpress\/ -->\n<title>Conseil technique pour la galvanique | Valmet Plating<\/title>\n<meta name=\"description\" content=\"Conseil technique sp\u00e9cialis\u00e9 en galvanique et probl\u00e8mes li\u00e9s aux d\u00e9p\u00f4ts. R\u00e9ponses sous 24 heures.\" \/>\n<meta name=\"robots\" content=\"index, follow, max-snippet:-1, max-image-preview:large, max-video-preview:-1\" \/>\n<link rel=\"canonical\" href=\"https:\/\/valmetplating.it\/fr\/conseil-technique-specialiste\/\" \/>\n<meta property=\"og:locale\" content=\"fr_FR\" \/>\n<meta property=\"og:type\" content=\"article\" \/>\n<meta property=\"og:title\" content=\"Conseil technique pour la galvanique | Valmet Plating\" \/>\n<meta property=\"og:description\" content=\"Conseil technique sp\u00e9cialis\u00e9 en galvanique et probl\u00e8mes li\u00e9s aux d\u00e9p\u00f4ts. R\u00e9ponses sous 24 heures.\" \/>\n<meta property=\"og:url\" content=\"https:\/\/valmetplating.it\/fr\/conseil-technique-specialiste\/\" \/>\n<meta property=\"og:site_name\" content=\"Valmet Plating\" \/>\n<meta property=\"article:modified_time\" content=\"2024-01-04T15:30:15+00:00\" \/>\n<meta name=\"twitter:card\" content=\"summary_large_image\" \/>\n<meta name=\"twitter:label1\" content=\"Dur\u00e9e de lecture estim\u00e9e\" \/>\n\t<meta name=\"twitter:data1\" content=\"1 minute\" \/>\n<script type=\"application\/ld+json\" class=\"yoast-schema-graph\">{\"@context\":\"https:\/\/schema.org\",\"@graph\":[{\"@type\":\"WebPage\",\"@id\":\"https:\/\/valmetplating.it\/fr\/conseil-technique-specialiste\/\",\"url\":\"https:\/\/valmetplating.it\/fr\/conseil-technique-specialiste\/\",\"name\":\"Conseil technique pour la galvanique | Valmet Plating\",\"isPartOf\":{\"@id\":\"https:\/\/valmetplating.it\/en\/#website\"},\"datePublished\":\"2023-10-23T11:06:33+00:00\",\"dateModified\":\"2024-01-04T15:30:15+00:00\",\"description\":\"Conseil technique sp\u00e9cialis\u00e9 en galvanique et probl\u00e8mes li\u00e9s aux d\u00e9p\u00f4ts. R\u00e9ponses sous 24 heures.\",\"breadcrumb\":{\"@id\":\"https:\/\/valmetplating.it\/fr\/conseil-technique-specialiste\/#breadcrumb\"},\"inLanguage\":\"fr-FR\",\"potentialAction\":[{\"@type\":\"ReadAction\",\"target\":[\"https:\/\/valmetplating.it\/fr\/conseil-technique-specialiste\/\"]}]},{\"@type\":\"BreadcrumbList\",\"@id\":\"https:\/\/valmetplating.it\/fr\/conseil-technique-specialiste\/#breadcrumb\",\"itemListElement\":[{\"@type\":\"ListItem\",\"position\":1,\"name\":\"Home\",\"item\":\"https:\/\/valmetplating.it\/fr\/\"},{\"@type\":\"ListItem\",\"position\":2,\"name\":\"Conseil technique sp\u00e9cialiste\"}]},{\"@type\":\"WebSite\",\"@id\":\"https:\/\/valmetplating.it\/en\/#website\",\"url\":\"https:\/\/valmetplating.it\/en\/\",\"name\":\"Valmet Plating\",\"description\":\"Prodotti chimici per la galvanica. Soluzioni e bagni galvanici. Servizi di consulenza\",\"publisher\":{\"@id\":\"https:\/\/valmetplating.it\/en\/#organization\"},\"potentialAction\":[{\"@type\":\"SearchAction\",\"target\":{\"@type\":\"EntryPoint\",\"urlTemplate\":\"https:\/\/valmetplating.it\/en\/?s={search_term_string}\"},\"query-input\":{\"@type\":\"PropertyValueSpecification\",\"valueRequired\":true,\"valueName\":\"search_term_string\"}}],\"inLanguage\":\"fr-FR\"},{\"@type\":\"Organization\",\"@id\":\"https:\/\/valmetplating.it\/en\/#organization\",\"name\":\"Valmet Plating\",\"url\":\"https:\/\/valmetplating.it\/en\/\",\"logo\":{\"@type\":\"ImageObject\",\"inLanguage\":\"fr-FR\",\"@id\":\"https:\/\/valmetplating.it\/en\/#\/schema\/logo\/image\/\",\"url\":\"https:\/\/valmetplating.it\/wp-content\/uploads\/2021\/08\/Valmet_Plating_new_logo_rgb_eng.svg\",\"contentUrl\":\"https:\/\/valmetplating.it\/wp-content\/uploads\/2021\/08\/Valmet_Plating_new_logo_rgb_eng.svg\",\"width\":308,\"height\":108,\"caption\":\"Valmet Plating\"},\"image\":{\"@id\":\"https:\/\/valmetplating.it\/en\/#\/schema\/logo\/image\/\"}}]}<\/script>\n<!-- \/ Yoast SEO plugin. -->","yoast_head_json":{"title":"Conseil technique pour la galvanique | Valmet Plating","description":"Conseil technique sp\u00e9cialis\u00e9 en galvanique et probl\u00e8mes li\u00e9s aux d\u00e9p\u00f4ts. R\u00e9ponses sous 24 heures.","robots":{"index":"index","follow":"follow","max-snippet":"max-snippet:-1","max-image-preview":"max-image-preview:large","max-video-preview":"max-video-preview:-1"},"canonical":"https:\/\/valmetplating.it\/fr\/conseil-technique-specialiste\/","og_locale":"fr_FR","og_type":"article","og_title":"Conseil technique pour la galvanique | Valmet Plating","og_description":"Conseil technique sp\u00e9cialis\u00e9 en galvanique et probl\u00e8mes li\u00e9s aux d\u00e9p\u00f4ts. R\u00e9ponses sous 24 heures.","og_url":"https:\/\/valmetplating.it\/fr\/conseil-technique-specialiste\/","og_site_name":"Valmet Plating","article_modified_time":"2024-01-04T15:30:15+00:00","twitter_card":"summary_large_image","twitter_misc":{"Dur\u00e9e de lecture estim\u00e9e":"1 minute"},"schema":{"@context":"https:\/\/schema.org","@graph":[{"@type":"WebPage","@id":"https:\/\/valmetplating.it\/fr\/conseil-technique-specialiste\/","url":"https:\/\/valmetplating.it\/fr\/conseil-technique-specialiste\/","name":"Conseil technique pour la galvanique | Valmet Plating","isPartOf":{"@id":"https:\/\/valmetplating.it\/en\/#website"},"datePublished":"2023-10-23T11:06:33+00:00","dateModified":"2024-01-04T15:30:15+00:00","description":"Conseil technique sp\u00e9cialis\u00e9 en galvanique et probl\u00e8mes li\u00e9s aux d\u00e9p\u00f4ts. R\u00e9ponses sous 24 heures.","breadcrumb":{"@id":"https:\/\/valmetplating.it\/fr\/conseil-technique-specialiste\/#breadcrumb"},"inLanguage":"fr-FR","potentialAction":[{"@type":"ReadAction","target":["https:\/\/valmetplating.it\/fr\/conseil-technique-specialiste\/"]}]},{"@type":"BreadcrumbList","@id":"https:\/\/valmetplating.it\/fr\/conseil-technique-specialiste\/#breadcrumb","itemListElement":[{"@type":"ListItem","position":1,"name":"Home","item":"https:\/\/valmetplating.it\/fr\/"},{"@type":"ListItem","position":2,"name":"Conseil technique sp\u00e9cialiste"}]},{"@type":"WebSite","@id":"https:\/\/valmetplating.it\/en\/#website","url":"https:\/\/valmetplating.it\/en\/","name":"Valmet Plating","description":"Prodotti chimici per la galvanica. Soluzioni e bagni galvanici. Servizi di consulenza","publisher":{"@id":"https:\/\/valmetplating.it\/en\/#organization"},"potentialAction":[{"@type":"SearchAction","target":{"@type":"EntryPoint","urlTemplate":"https:\/\/valmetplating.it\/en\/?s={search_term_string}"},"query-input":{"@type":"PropertyValueSpecification","valueRequired":true,"valueName":"search_term_string"}}],"inLanguage":"fr-FR"},{"@type":"Organization","@id":"https:\/\/valmetplating.it\/en\/#organization","name":"Valmet Plating","url":"https:\/\/valmetplating.it\/en\/","logo":{"@type":"ImageObject","inLanguage":"fr-FR","@id":"https:\/\/valmetplating.it\/en\/#\/schema\/logo\/image\/","url":"https:\/\/valmetplating.it\/wp-content\/uploads\/2021\/08\/Valmet_Plating_new_logo_rgb_eng.svg","contentUrl":"https:\/\/valmetplating.it\/wp-content\/uploads\/2021\/08\/Valmet_Plating_new_logo_rgb_eng.svg","width":308,"height":108,"caption":"Valmet Plating"},"image":{"@id":"https:\/\/valmetplating.it\/en\/#\/schema\/logo\/image\/"}}]}},"_links":{"self":[{"href":"https:\/\/valmetplating.it\/fr\/wp-json\/wp\/v2\/pages\/5654","targetHints":{"allow":["GET"]}}],"collection":[{"href":"https:\/\/valmetplating.it\/fr\/wp-json\/wp\/v2\/pages"}],"about":[{"href":"https:\/\/valmetplating.it\/fr\/wp-json\/wp\/v2\/types\/page"}],"author":[{"embeddable":true,"href":"https:\/\/valmetplating.it\/fr\/wp-json\/wp\/v2\/users\/2"}],"replies":[{"embeddable":true,"href":"https:\/\/valmetplating.it\/fr\/wp-json\/wp\/v2\/comments?post=5654"}],"version-history":[{"count":7,"href":"https:\/\/valmetplating.it\/fr\/wp-json\/wp\/v2\/pages\/5654\/revisions"}],"predecessor-version":[{"id":5947,"href":"https:\/\/valmetplating.it\/fr\/wp-json\/wp\/v2\/pages\/5654\/revisions\/5947"}],"wp:attachment":[{"href":"https:\/\/valmetplating.it\/fr\/wp-json\/wp\/v2\/media?parent=5654"}],"curies":[{"name":"wp","href":"https:\/\/api.w.org\/{rel}","templated":true}]}}