{"id":5446,"date":"2022-12-16T10:28:11","date_gmt":"2022-12-16T09:28:11","guid":{"rendered":"https:\/\/valmetplating.it\/tests-de-laboratoire\/"},"modified":"2023-11-07T16:43:58","modified_gmt":"2023-11-07T15:43:58","slug":"tests-de-laboratoire","status":"publish","type":"page","link":"https:\/\/valmetplating.it\/fr\/tests-de-laboratoire\/","title":{"rendered":"Tests de laboratoire"},"content":{"rendered":"\t\t<div data-elementor-type=\"wp-page\" data-elementor-id=\"5446\" class=\"elementor elementor-5446 elementor-4166\" data-elementor-post-type=\"page\">\n\t\t\t\t\t\t<section class=\"elementor-section elementor-top-section elementor-element elementor-element-eda602d elementor-reverse-tablet elementor-reverse-mobile elementor-section-boxed elementor-section-height-default elementor-section-height-default\" data-id=\"eda602d\" data-element_type=\"section\" data-e-type=\"section\" data-settings=\"{&quot;background_background&quot;:&quot;classic&quot;}\">\n\t\t\t\t\t\t\t<div class=\"elementor-background-overlay\"><\/div>\n\t\t\t\t\t\t\t<div class=\"elementor-container elementor-column-gap-default\">\n\t\t\t\t\t<div class=\"elementor-column elementor-col-50 elementor-top-column elementor-element elementor-element-6fc9ba0\" data-id=\"6fc9ba0\" data-element_type=\"column\" data-e-type=\"column\">\n\t\t\t<div class=\"elementor-widget-wrap elementor-element-populated\">\n\t\t\t\t\t\t<div class=\"elementor-element elementor-element-32032d3 elementor-widget elementor-widget-heading\" data-id=\"32032d3\" data-element_type=\"widget\" data-e-type=\"widget\" data-widget_type=\"heading.default\">\n\t\t\t\t<div class=\"elementor-widget-container\">\n\t\t\t\t\t<h2 class=\"elementor-heading-title elementor-size-default\">TESTS DE LABORATOIRE<\/h2>\t\t\t\t<\/div>\n\t\t\t\t<\/div>\n\t\t\t\t<div class=\"elementor-element elementor-element-8c20d36 elementor-widget elementor-widget-heading\" data-id=\"8c20d36\" data-element_type=\"widget\" data-e-type=\"widget\" data-widget_type=\"heading.default\">\n\t\t\t\t<div class=\"elementor-widget-container\">\n\t\t\t\t\t<h2 class=\"elementor-heading-title elementor-size-default\">STANDARD OU SUR DEMANDE SP\u00c9CIFIQUE DU CLIENT<\/h2>\t\t\t\t<\/div>\n\t\t\t\t<\/div>\n\t\t\t\t<div class=\"elementor-element elementor-element-80e0a44 elementor-widget elementor-widget-heading\" data-id=\"80e0a44\" data-element_type=\"widget\" data-e-type=\"widget\" data-widget_type=\"heading.default\">\n\t\t\t\t<div class=\"elementor-widget-container\">\n\t\t\t\t\t<h2 class=\"elementor-heading-title elementor-size-default\">Une s\u00e9rie d'essais de r\u00e9sistance chimico-m\u00e9canique r\u00e9alis\u00e9s selon des protocoles standard ou selon les exigences sp\u00e9cifiques du client.<\/h2>\t\t\t\t<\/div>\n\t\t\t\t<\/div>\n\t\t\t\t\t<\/div>\n\t\t<\/div>\n\t\t\t\t<div class=\"elementor-column elementor-col-50 elementor-top-column elementor-element elementor-element-86feeaa\" data-id=\"86feeaa\" data-element_type=\"column\" data-e-type=\"column\">\n\t\t\t<div class=\"elementor-widget-wrap\">\n\t\t\t\t\t\t\t<\/div>\n\t\t<\/div>\n\t\t\t\t\t<\/div>\n\t\t<\/section>\n\t\t\t\t<section class=\"elementor-section elementor-top-section elementor-element elementor-element-cbfb345 elementor-section-boxed elementor-section-height-default elementor-section-height-default\" data-id=\"cbfb345\" data-element_type=\"section\" data-e-type=\"section\">\n\t\t\t\t\t\t<div class=\"elementor-container elementor-column-gap-default\">\n\t\t\t\t\t<div class=\"elementor-column elementor-col-50 elementor-top-column elementor-element elementor-element-bb411bf\" data-id=\"bb411bf\" data-element_type=\"column\" data-e-type=\"column\">\n\t\t\t<div class=\"elementor-widget-wrap elementor-element-populated\">\n\t\t\t\t\t\t<div class=\"elementor-element elementor-element-db0a5d3 elementor-widget elementor-widget-heading\" data-id=\"db0a5d3\" data-element_type=\"widget\" data-e-type=\"widget\" data-widget_type=\"heading.default\">\n\t\t\t\t<div class=\"elementor-widget-container\">\n\t\t\t\t\t<h2 class=\"elementor-heading-title elementor-size-default\">UN LABORATOIRE ENTI\u00c8REMENT D\u00c9DI\u00c9 AUX SERVICES D'ESSAIS POUR LES CLIENTS<\/h2>\t\t\t\t<\/div>\n\t\t\t\t<\/div>\n\t\t\t\t<div class=\"elementor-element elementor-element-de23407 elementor-widget elementor-widget-text-editor\" data-id=\"de23407\" data-element_type=\"widget\" data-e-type=\"widget\" data-widget_type=\"text-editor.default\">\n\t\t\t\t<div class=\"elementor-widget-container\">\n\t\t\t\t\t\t\t\t\t<p>La structure interne de Valmet Plating comprend un laboratoire d&rsquo;essai enti\u00e8rement d\u00e9di\u00e9 \u00e0 l&rsquo;analyse et aux tests chimico-m\u00e9caniques sur les accessoires et les finitions.<\/p>\n<p>L&rsquo;\u00e9quipe du laboratoire travaille \u00e0 l&rsquo;aide d&rsquo;une s\u00e9rie d&rsquo;instruments de pointe con\u00e7us pour tester les accessoires selon des protocoles standard, mais aussi pour effectuer des tests sp\u00e9cifiques demand\u00e9s par le client pour des exigences autres que canoniques.<\/p>\n\t\t\t\t\t\t\t\t<\/div>\n\t\t\t\t<\/div>\n\t\t\t\t<div class=\"elementor-element elementor-element-808082a elementor-widget elementor-widget-button\" data-id=\"808082a\" data-element_type=\"widget\" data-e-type=\"widget\" data-widget_type=\"button.default\">\n\t\t\t\t<div class=\"elementor-widget-container\">\n\t\t\t\t\t\t\t\t\t<div class=\"elementor-button-wrapper\">\n\t\t\t\t\t<a class=\"elementor-button elementor-button-link elementor-size-sm\" href=\"https:\/\/valmetplating.it\/fr\/laboratoire-test\/\">\n\t\t\t\t\t\t<span class=\"elementor-button-content-wrapper\">\n\t\t\t\t\t\t\t\t\t<span class=\"elementor-button-text\">VOUS RENDEZ AU LABORATOIRE D'ESSAI<\/span>\n\t\t\t\t\t<\/span>\n\t\t\t\t\t<\/a>\n\t\t\t\t<\/div>\n\t\t\t\t\t\t\t\t<\/div>\n\t\t\t\t<\/div>\n\t\t\t\t\t<\/div>\n\t\t<\/div>\n\t\t\t\t<div class=\"elementor-column elementor-col-50 elementor-top-column elementor-element elementor-element-17ef975\" data-id=\"17ef975\" data-element_type=\"column\" data-e-type=\"column\">\n\t\t\t<div class=\"elementor-widget-wrap elementor-element-populated\">\n\t\t\t\t\t\t<div class=\"elementor-element elementor-element-3fe3b1f elementor-widget elementor-widget-video\" data-id=\"3fe3b1f\" data-element_type=\"widget\" data-e-type=\"widget\" data-settings=\"{&quot;youtube_url&quot;:&quot;https:\\\/\\\/www.youtube.com\\\/watch?v=fnuyBYh6MPg&amp;t=8s&quot;,&quot;video_type&quot;:&quot;youtube&quot;,&quot;controls&quot;:&quot;yes&quot;}\" data-widget_type=\"video.default\">\n\t\t\t\t<div class=\"elementor-widget-container\">\n\t\t\t\t\t\t\t<div class=\"elementor-wrapper elementor-open-inline\">\n\t\t\t<div class=\"elementor-video\"><\/div>\t\t<\/div>\n\t\t\t\t\t\t<\/div>\n\t\t\t\t<\/div>\n\t\t\t\t\t<\/div>\n\t\t<\/div>\n\t\t\t\t\t<\/div>\n\t\t<\/section>\n\t\t\t\t<\/div>\n\t\t","protected":false},"excerpt":{"rendered":"<p>TESTS DE LABORATOIRE STANDARD OU SUR DEMANDE SP\u00c9CIFIQUE DU CLIENT Une s\u00e9rie d&rsquo;essais de r\u00e9sistance chimico-m\u00e9canique r\u00e9alis\u00e9s selon des protocoles standard ou selon les exigences sp\u00e9cifiques du client. UN LABORATOIRE ENTI\u00c8REMENT D\u00c9DI\u00c9 AUX SERVICES D&rsquo;ESSAIS POUR LES CLIENTS La structure interne de Valmet Plating comprend un laboratoire d&rsquo;essai enti\u00e8rement d\u00e9di\u00e9 \u00e0 l&rsquo;analyse et aux tests [&hellip;]<\/p>\n","protected":false},"author":2,"featured_media":0,"parent":0,"menu_order":0,"comment_status":"closed","ping_status":"closed","template":"","meta":{"footnotes":""},"class_list":["post-5446","page","type-page","status-publish","hentry"],"yoast_head":"<!-- This site is optimized with the Yoast SEO plugin v27.4 - https:\/\/yoast.com\/product\/yoast-seo-wordpress\/ -->\n<title>Tests de laboratoire - Valmet Plating<\/title>\n<meta name=\"robots\" content=\"index, follow, max-snippet:-1, max-image-preview:large, max-video-preview:-1\" \/>\n<link rel=\"canonical\" href=\"https:\/\/valmetplating.it\/fr\/tests-de-laboratoire\/\" \/>\n<meta property=\"og:locale\" content=\"fr_FR\" \/>\n<meta property=\"og:type\" content=\"article\" \/>\n<meta property=\"og:title\" content=\"Tests de laboratoire - Valmet Plating\" \/>\n<meta property=\"og:description\" content=\"TESTS DE LABORATOIRE STANDARD OU SUR DEMANDE SP\u00c9CIFIQUE DU CLIENT Une s\u00e9rie d&rsquo;essais de r\u00e9sistance chimico-m\u00e9canique r\u00e9alis\u00e9s selon des protocoles standard ou selon les exigences sp\u00e9cifiques du client. UN LABORATOIRE ENTI\u00c8REMENT D\u00c9DI\u00c9 AUX SERVICES D&rsquo;ESSAIS POUR LES CLIENTS La structure interne de Valmet Plating comprend un laboratoire d&rsquo;essai enti\u00e8rement d\u00e9di\u00e9 \u00e0 l&rsquo;analyse et aux tests [&hellip;]\" \/>\n<meta property=\"og:url\" content=\"https:\/\/valmetplating.it\/fr\/tests-de-laboratoire\/\" \/>\n<meta property=\"og:site_name\" content=\"Valmet Plating\" \/>\n<meta property=\"article:modified_time\" content=\"2023-11-07T15:43:58+00:00\" \/>\n<meta name=\"twitter:card\" content=\"summary_large_image\" \/>\n<meta name=\"twitter:label1\" content=\"Dur\u00e9e de lecture estim\u00e9e\" \/>\n\t<meta name=\"twitter:data1\" content=\"1 minute\" \/>\n<script type=\"application\/ld+json\" class=\"yoast-schema-graph\">{\"@context\":\"https:\\\/\\\/schema.org\",\"@graph\":[{\"@type\":\"WebPage\",\"@id\":\"https:\\\/\\\/valmetplating.it\\\/fr\\\/tests-de-laboratoire\\\/\",\"url\":\"https:\\\/\\\/valmetplating.it\\\/fr\\\/tests-de-laboratoire\\\/\",\"name\":\"Tests de laboratoire - Valmet Plating\",\"isPartOf\":{\"@id\":\"https:\\\/\\\/valmetplating.it\\\/en\\\/#website\"},\"datePublished\":\"2022-12-16T09:28:11+00:00\",\"dateModified\":\"2023-11-07T15:43:58+00:00\",\"breadcrumb\":{\"@id\":\"https:\\\/\\\/valmetplating.it\\\/fr\\\/tests-de-laboratoire\\\/#breadcrumb\"},\"inLanguage\":\"fr-FR\",\"potentialAction\":[{\"@type\":\"ReadAction\",\"target\":[\"https:\\\/\\\/valmetplating.it\\\/fr\\\/tests-de-laboratoire\\\/\"]}]},{\"@type\":\"BreadcrumbList\",\"@id\":\"https:\\\/\\\/valmetplating.it\\\/fr\\\/tests-de-laboratoire\\\/#breadcrumb\",\"itemListElement\":[{\"@type\":\"ListItem\",\"position\":1,\"name\":\"Home\",\"item\":\"https:\\\/\\\/valmetplating.it\\\/fr\\\/\"},{\"@type\":\"ListItem\",\"position\":2,\"name\":\"Tests de laboratoire\"}]},{\"@type\":\"WebSite\",\"@id\":\"https:\\\/\\\/valmetplating.it\\\/en\\\/#website\",\"url\":\"https:\\\/\\\/valmetplating.it\\\/en\\\/\",\"name\":\"Valmet Plating\",\"description\":\"Prodotti chimici per la galvanica. Soluzioni e bagni galvanici. Servizi di consulenza\",\"publisher\":{\"@id\":\"https:\\\/\\\/valmetplating.it\\\/en\\\/#organization\"},\"potentialAction\":[{\"@type\":\"SearchAction\",\"target\":{\"@type\":\"EntryPoint\",\"urlTemplate\":\"https:\\\/\\\/valmetplating.it\\\/en\\\/?s={search_term_string}\"},\"query-input\":{\"@type\":\"PropertyValueSpecification\",\"valueRequired\":true,\"valueName\":\"search_term_string\"}}],\"inLanguage\":\"fr-FR\"},{\"@type\":\"Organization\",\"@id\":\"https:\\\/\\\/valmetplating.it\\\/en\\\/#organization\",\"name\":\"Valmet Plating\",\"url\":\"https:\\\/\\\/valmetplating.it\\\/en\\\/\",\"logo\":{\"@type\":\"ImageObject\",\"inLanguage\":\"fr-FR\",\"@id\":\"https:\\\/\\\/valmetplating.it\\\/en\\\/#\\\/schema\\\/logo\\\/image\\\/\",\"url\":\"https:\\\/\\\/valmetplating.it\\\/wp-content\\\/uploads\\\/2021\\\/08\\\/Valmet_Plating_new_logo_rgb_eng.svg\",\"contentUrl\":\"https:\\\/\\\/valmetplating.it\\\/wp-content\\\/uploads\\\/2021\\\/08\\\/Valmet_Plating_new_logo_rgb_eng.svg\",\"width\":308,\"height\":108,\"caption\":\"Valmet Plating\"},\"image\":{\"@id\":\"https:\\\/\\\/valmetplating.it\\\/en\\\/#\\\/schema\\\/logo\\\/image\\\/\"}}]}<\/script>\n<!-- \/ Yoast SEO plugin. -->","yoast_head_json":{"title":"Tests de laboratoire - Valmet Plating","robots":{"index":"index","follow":"follow","max-snippet":"max-snippet:-1","max-image-preview":"max-image-preview:large","max-video-preview":"max-video-preview:-1"},"canonical":"https:\/\/valmetplating.it\/fr\/tests-de-laboratoire\/","og_locale":"fr_FR","og_type":"article","og_title":"Tests de laboratoire - Valmet Plating","og_description":"TESTS DE LABORATOIRE STANDARD OU SUR DEMANDE SP\u00c9CIFIQUE DU CLIENT Une s\u00e9rie d&rsquo;essais de r\u00e9sistance chimico-m\u00e9canique r\u00e9alis\u00e9s selon des protocoles standard ou selon les exigences sp\u00e9cifiques du client. UN LABORATOIRE ENTI\u00c8REMENT D\u00c9DI\u00c9 AUX SERVICES D&rsquo;ESSAIS POUR LES CLIENTS La structure interne de Valmet Plating comprend un laboratoire d&rsquo;essai enti\u00e8rement d\u00e9di\u00e9 \u00e0 l&rsquo;analyse et aux tests [&hellip;]","og_url":"https:\/\/valmetplating.it\/fr\/tests-de-laboratoire\/","og_site_name":"Valmet Plating","article_modified_time":"2023-11-07T15:43:58+00:00","twitter_card":"summary_large_image","twitter_misc":{"Dur\u00e9e de lecture estim\u00e9e":"1 minute"},"schema":{"@context":"https:\/\/schema.org","@graph":[{"@type":"WebPage","@id":"https:\/\/valmetplating.it\/fr\/tests-de-laboratoire\/","url":"https:\/\/valmetplating.it\/fr\/tests-de-laboratoire\/","name":"Tests de laboratoire - Valmet Plating","isPartOf":{"@id":"https:\/\/valmetplating.it\/en\/#website"},"datePublished":"2022-12-16T09:28:11+00:00","dateModified":"2023-11-07T15:43:58+00:00","breadcrumb":{"@id":"https:\/\/valmetplating.it\/fr\/tests-de-laboratoire\/#breadcrumb"},"inLanguage":"fr-FR","potentialAction":[{"@type":"ReadAction","target":["https:\/\/valmetplating.it\/fr\/tests-de-laboratoire\/"]}]},{"@type":"BreadcrumbList","@id":"https:\/\/valmetplating.it\/fr\/tests-de-laboratoire\/#breadcrumb","itemListElement":[{"@type":"ListItem","position":1,"name":"Home","item":"https:\/\/valmetplating.it\/fr\/"},{"@type":"ListItem","position":2,"name":"Tests de laboratoire"}]},{"@type":"WebSite","@id":"https:\/\/valmetplating.it\/en\/#website","url":"https:\/\/valmetplating.it\/en\/","name":"Valmet Plating","description":"Prodotti chimici per la galvanica. Soluzioni e bagni galvanici. Servizi di consulenza","publisher":{"@id":"https:\/\/valmetplating.it\/en\/#organization"},"potentialAction":[{"@type":"SearchAction","target":{"@type":"EntryPoint","urlTemplate":"https:\/\/valmetplating.it\/en\/?s={search_term_string}"},"query-input":{"@type":"PropertyValueSpecification","valueRequired":true,"valueName":"search_term_string"}}],"inLanguage":"fr-FR"},{"@type":"Organization","@id":"https:\/\/valmetplating.it\/en\/#organization","name":"Valmet Plating","url":"https:\/\/valmetplating.it\/en\/","logo":{"@type":"ImageObject","inLanguage":"fr-FR","@id":"https:\/\/valmetplating.it\/en\/#\/schema\/logo\/image\/","url":"https:\/\/valmetplating.it\/wp-content\/uploads\/2021\/08\/Valmet_Plating_new_logo_rgb_eng.svg","contentUrl":"https:\/\/valmetplating.it\/wp-content\/uploads\/2021\/08\/Valmet_Plating_new_logo_rgb_eng.svg","width":308,"height":108,"caption":"Valmet Plating"},"image":{"@id":"https:\/\/valmetplating.it\/en\/#\/schema\/logo\/image\/"}}]}},"_links":{"self":[{"href":"https:\/\/valmetplating.it\/fr\/wp-json\/wp\/v2\/pages\/5446","targetHints":{"allow":["GET"]}}],"collection":[{"href":"https:\/\/valmetplating.it\/fr\/wp-json\/wp\/v2\/pages"}],"about":[{"href":"https:\/\/valmetplating.it\/fr\/wp-json\/wp\/v2\/types\/page"}],"author":[{"embeddable":true,"href":"https:\/\/valmetplating.it\/fr\/wp-json\/wp\/v2\/users\/2"}],"replies":[{"embeddable":true,"href":"https:\/\/valmetplating.it\/fr\/wp-json\/wp\/v2\/comments?post=5446"}],"version-history":[{"count":1,"href":"https:\/\/valmetplating.it\/fr\/wp-json\/wp\/v2\/pages\/5446\/revisions"}],"predecessor-version":[{"id":5447,"href":"https:\/\/valmetplating.it\/fr\/wp-json\/wp\/v2\/pages\/5446\/revisions\/5447"}],"wp:attachment":[{"href":"https:\/\/valmetplating.it\/fr\/wp-json\/wp\/v2\/media?parent=5446"}],"curies":[{"name":"wp","href":"https:\/\/api.w.org\/{rel}","templated":true}]}}