{"id":5427,"date":"2022-09-09T09:48:10","date_gmt":"2022-09-09T07:48:10","guid":{"rendered":"https:\/\/valmetplating.it\/installation\/"},"modified":"2023-07-28T09:47:41","modified_gmt":"2023-07-28T07:47:41","slug":"installation","status":"publish","type":"page","link":"https:\/\/valmetplating.it\/fr\/installation\/","title":{"rendered":"Installation"},"content":{"rendered":"\t\t<div data-elementor-type=\"wp-page\" data-elementor-id=\"5427\" class=\"elementor elementor-5427 elementor-3983\" data-elementor-post-type=\"page\">\n\t\t\t\t\t\t<section class=\"elementor-section elementor-top-section elementor-element elementor-element-eda602d elementor-reverse-tablet elementor-reverse-mobile elementor-section-boxed elementor-section-height-default elementor-section-height-default\" data-id=\"eda602d\" data-element_type=\"section\" data-e-type=\"section\" data-settings=\"{&quot;background_background&quot;:&quot;classic&quot;}\">\n\t\t\t\t\t\t\t<div class=\"elementor-background-overlay\"><\/div>\n\t\t\t\t\t\t\t<div class=\"elementor-container elementor-column-gap-default\">\n\t\t\t\t\t<div class=\"elementor-column elementor-col-50 elementor-top-column elementor-element elementor-element-6fc9ba0\" data-id=\"6fc9ba0\" data-element_type=\"column\" data-e-type=\"column\">\n\t\t\t<div class=\"elementor-widget-wrap elementor-element-populated\">\n\t\t\t\t\t\t<div class=\"elementor-element elementor-element-32032d3 elementor-widget elementor-widget-heading\" data-id=\"32032d3\" data-element_type=\"widget\" data-e-type=\"widget\" data-widget_type=\"heading.default\">\n\t\t\t\t<div class=\"elementor-widget-container\">\n\t\t\t\t\t<h2 class=\"elementor-heading-title elementor-size-default\">INSTALLATION<\/h2>\t\t\t\t<\/div>\n\t\t\t\t<\/div>\n\t\t\t\t<div class=\"elementor-element elementor-element-8c20d36 elementor-widget elementor-widget-heading\" data-id=\"8c20d36\" data-element_type=\"widget\" data-e-type=\"widget\" data-widget_type=\"heading.default\">\n\t\t\t\t<div class=\"elementor-widget-container\">\n\t\t\t\t\t<h2 class=\"elementor-heading-title elementor-size-default\">conseil et conception<\/h2>\t\t\t\t<\/div>\n\t\t\t\t<\/div>\n\t\t\t\t<div class=\"elementor-element elementor-element-80e0a44 elementor-widget elementor-widget-heading\" data-id=\"80e0a44\" data-element_type=\"widget\" data-e-type=\"widget\" data-widget_type=\"heading.default\">\n\t\t\t\t<div class=\"elementor-widget-container\">\n\t\t\t\t\t<h2 class=\"elementor-heading-title elementor-size-default\">L'exp\u00e9rience et la connaissance approfondie de l'industrie nous permettent de concevoir l'installation de galvanoplastie la mieux adapt\u00e9e \u00e0 votre entreprise pour r\u00e9pondre \u00e0 vos attentes en termes de production et de performance.<\/h2>\t\t\t\t<\/div>\n\t\t\t\t<\/div>\n\t\t\t\t\t<\/div>\n\t\t<\/div>\n\t\t\t\t<div class=\"elementor-column elementor-col-50 elementor-top-column elementor-element elementor-element-86feeaa\" data-id=\"86feeaa\" data-element_type=\"column\" data-e-type=\"column\">\n\t\t\t<div class=\"elementor-widget-wrap\">\n\t\t\t\t\t\t\t<\/div>\n\t\t<\/div>\n\t\t\t\t\t<\/div>\n\t\t<\/section>\n\t\t\t\t<section class=\"elementor-section elementor-top-section elementor-element elementor-element-cbfb345 elementor-section-boxed elementor-section-height-default elementor-section-height-default\" data-id=\"cbfb345\" data-element_type=\"section\" data-e-type=\"section\">\n\t\t\t\t\t\t<div class=\"elementor-container elementor-column-gap-default\">\n\t\t\t\t\t<div class=\"elementor-column elementor-col-50 elementor-top-column elementor-element elementor-element-bb411bf\" data-id=\"bb411bf\" data-element_type=\"column\" data-e-type=\"column\">\n\t\t\t<div class=\"elementor-widget-wrap elementor-element-populated\">\n\t\t\t\t\t\t<div class=\"elementor-element elementor-element-db0a5d3 elementor-widget elementor-widget-heading\" data-id=\"db0a5d3\" data-element_type=\"widget\" data-e-type=\"widget\" data-widget_type=\"heading.default\">\n\t\t\t\t<div class=\"elementor-widget-container\">\n\t\t\t\t\t<h2 class=\"elementor-heading-title elementor-size-default\">Un service de conseil et de conception sur mesure. pour que vous puissiez compter sur un syst\u00e8me de galvanoplastie adapt\u00e9 \u00e0 vos besoins<\/h2>\t\t\t\t<\/div>\n\t\t\t\t<\/div>\n\t\t\t\t<div class=\"elementor-element elementor-element-de23407 elementor-widget elementor-widget-text-editor\" data-id=\"de23407\" data-element_type=\"widget\" data-e-type=\"widget\" data-widget_type=\"text-editor.default\">\n\t\t\t\t<div class=\"elementor-widget-container\">\n\t\t\t\t\t\t\t\t\t<p>L&rsquo;exp\u00e9rience que nous avons acquise dans l&rsquo;industrie de la galvanisation, en tant que fabricants de bains, analystes et consultants, nous a amen\u00e9s \u00e0 former une \u00e9quipe interne d\u00e9di\u00e9e au conseil et \u00e0 la conception d&rsquo;installations galvaniques. <\/p>\n<p>Notre \u00e9quipe s&rsquo;efforce de fournir aux clients des projets sur mesure, con\u00e7us \u00e0 partir des attentes et des besoins de production de l&rsquo;entreprise. Cette approche permet aux clients de s&rsquo;appuyer sur un syst\u00e8me qui, en fait, est con\u00e7u pour r\u00e9pondre au mieux \u00e0 leurs besoins sp\u00e9cifiques.<\/p>\n\t\t\t\t\t\t\t\t<\/div>\n\t\t\t\t<\/div>\n\t\t\t\t\t<\/div>\n\t\t<\/div>\n\t\t\t\t<div class=\"elementor-column elementor-col-50 elementor-top-column elementor-element elementor-element-17ef975\" data-id=\"17ef975\" data-element_type=\"column\" data-e-type=\"column\">\n\t\t\t<div class=\"elementor-widget-wrap elementor-element-populated\">\n\t\t\t\t\t\t<div class=\"elementor-element elementor-element-f1d9265 elementor-widget elementor-widget-text-editor\" data-id=\"f1d9265\" data-element_type=\"widget\" data-e-type=\"widget\" data-widget_type=\"text-editor.default\">\n\t\t\t\t<div class=\"elementor-widget-container\">\n\t\t\t\t\t\t\t\t\t<p>Par rapport au processus conduisant \u00e0 une usine standard, notre m\u00e9thode implique une phase de consultation initiale visant \u00e0 d\u00e9finir clairement les volumes de production pr\u00e9vus, le type d&rsquo;accessoires ou d&rsquo;objets manipul\u00e9s, le march\u00e9 cible du client, le budget et l&rsquo;espace disponible.<\/p>\n<p>Apr\u00e8s cette phase, les concepteurs proc\u00e8dent \u00e0 l&rsquo;\u00e9bauche du syst\u00e8me et \u00e0 sa conception ult\u00e9rieure. Le r\u00e9sultat final est donc un syst\u00e8me (et pas seulement une usine) con\u00e7u pour r\u00e9pondre au flux et au plan d&rsquo;affaires du client. Une v\u00e9ritable installation galvanique sur mesure.<\/p>\n\t\t\t\t\t\t\t\t<\/div>\n\t\t\t\t<\/div>\n\t\t\t\t\t<\/div>\n\t\t<\/div>\n\t\t\t\t\t<\/div>\n\t\t<\/section>\n\t\t\t\t<section class=\"elementor-section elementor-top-section elementor-element elementor-element-956485a elementor-section-boxed elementor-section-height-default elementor-section-height-default\" data-id=\"956485a\" data-element_type=\"section\" data-e-type=\"section\">\n\t\t\t\t\t\t<div class=\"elementor-container elementor-column-gap-default\">\n\t\t\t\t\t<div class=\"elementor-column elementor-col-50 elementor-top-column elementor-element elementor-element-021320a\" data-id=\"021320a\" data-element_type=\"column\" data-e-type=\"column\">\n\t\t\t<div class=\"elementor-widget-wrap elementor-element-populated\">\n\t\t\t\t\t\t<div class=\"elementor-element elementor-element-f7fef66 elementor-widget elementor-widget-heading\" data-id=\"f7fef66\" data-element_type=\"widget\" data-e-type=\"widget\" data-widget_type=\"heading.default\">\n\t\t\t\t<div class=\"elementor-widget-container\">\n\t\t\t\t\t<h2 class=\"elementor-heading-title elementor-size-default\">NOTRE M\u00c9THODE DE CONSEIL ET DE CONCEPTION COMPREND:<\/h2>\t\t\t\t<\/div>\n\t\t\t\t<\/div>\n\t\t\t\t\t<\/div>\n\t\t<\/div>\n\t\t\t\t<div class=\"elementor-column elementor-col-50 elementor-top-column elementor-element elementor-element-3096ef4\" data-id=\"3096ef4\" data-element_type=\"column\" data-e-type=\"column\">\n\t\t\t<div class=\"elementor-widget-wrap elementor-element-populated\">\n\t\t\t\t\t\t<section class=\"elementor-section elementor-inner-section elementor-element elementor-element-e378d7a elementor-section-boxed elementor-section-height-default elementor-section-height-default\" data-id=\"e378d7a\" data-element_type=\"section\" data-e-type=\"section\">\n\t\t\t\t\t\t<div class=\"elementor-container elementor-column-gap-default\">\n\t\t\t\t\t<div class=\"elementor-column elementor-col-33 elementor-inner-column elementor-element elementor-element-3e7183d\" data-id=\"3e7183d\" data-element_type=\"column\" data-e-type=\"column\">\n\t\t\t<div class=\"elementor-widget-wrap elementor-element-populated\">\n\t\t\t\t\t\t<div class=\"elementor-element elementor-element-1a38658 elementor-view-default elementor-position-block-start elementor-mobile-position-block-start elementor-widget elementor-widget-icon-box\" data-id=\"1a38658\" data-element_type=\"widget\" data-e-type=\"widget\" data-widget_type=\"icon-box.default\">\n\t\t\t\t<div class=\"elementor-widget-container\">\n\t\t\t\t\t\t\t<div class=\"elementor-icon-box-wrapper\">\n\n\t\t\t\t\t\t<div class=\"elementor-icon-box-icon\">\n\t\t\t\t<span  class=\"elementor-icon\">\n\t\t\t\t<svg xmlns=\"http:\/\/www.w3.org\/2000\/svg\" viewBox=\"0 0 140 112.09\"><defs><style>.\\33 {fill:none;stroke:#140404;stroke-linecap:round;stroke-linejoin:round;stroke-width:4px;}<\/style><\/defs><g id=\"Layer_2\" data-name=\"Layer 2\"><g id=\"VECTOR\"><path class=\"3\" d=\"M138,20v90.1H20.34a18,18,0,1,1,0-36,18.17,18.17,0,0,1,18.33,18V20Z\"><\/path><path class=\"3\" d=\"M38.67,20V92.1a18.17,18.17,0,0,0-18.33-18A18.17,18.17,0,0,0,2,92.1V20A18.17,18.17,0,0,1,20.34,2,18.17,18.17,0,0,1,38.67,20Z\"><\/path><line class=\"3\" x1=\"2\" y1=\"92.88\" x2=\"2\" y2=\"92.1\"><\/line><polyline class=\"3\" points=\"56.54 78.76 85.41 78.76 85.41 51.31 120.34 51.31\"><\/polyline><\/g><\/g><\/svg>\t\t\t\t<\/span>\n\t\t\t<\/div>\n\t\t\t\n\t\t\t\t\t\t<div class=\"elementor-icon-box-content\">\n\n\t\t\t\t\t\t\t\t\t<h3 class=\"elementor-icon-box-title\">\n\t\t\t\t\t\t<span  >\n\t\t\t\t\t\t\tPremi\u00e8re analyse\t\t\t\t\t\t<\/span>\n\t\t\t\t\t<\/h3>\n\t\t\t\t\n\t\t\t\t\t\t\t\t\t<p class=\"elementor-icon-box-description\">\n\t\t\t\t\t\t\u00c9valuation pr\u00e9liminaire du type d'activit\u00e9 du client, des objets \u00e0 galvaniser, des flux de production et de l'espace disponible.\t\t\t\t\t<\/p>\n\t\t\t\t\n\t\t\t<\/div>\n\t\t\t\n\t\t<\/div>\n\t\t\t\t\t\t<\/div>\n\t\t\t\t<\/div>\n\t\t\t\t\t<\/div>\n\t\t<\/div>\n\t\t\t\t<div class=\"elementor-column elementor-col-33 elementor-inner-column elementor-element elementor-element-cb1aa1d\" data-id=\"cb1aa1d\" data-element_type=\"column\" data-e-type=\"column\">\n\t\t\t<div class=\"elementor-widget-wrap elementor-element-populated\">\n\t\t\t\t\t\t<div class=\"elementor-element elementor-element-12f658d elementor-view-default elementor-position-block-start elementor-mobile-position-block-start elementor-widget elementor-widget-icon-box\" data-id=\"12f658d\" data-element_type=\"widget\" data-e-type=\"widget\" data-widget_type=\"icon-box.default\">\n\t\t\t\t<div class=\"elementor-widget-container\">\n\t\t\t\t\t\t\t<div class=\"elementor-icon-box-wrapper\">\n\n\t\t\t\t\t\t<div class=\"elementor-icon-box-icon\">\n\t\t\t\t<span  class=\"elementor-icon\">\n\t\t\t\t<svg xmlns=\"http:\/\/www.w3.org\/2000\/svg\" viewBox=\"0 0 140 116.61\"><defs><style>.\\33 {fill:none;stroke:#140404;stroke-linecap:round;stroke-linejoin:round;stroke-width:4px;}<\/style><\/defs><g id=\"Layer_2\" data-name=\"Layer 2\"><g id=\"VECTOR\"><rect class=\"3\" x=\"117.13\" y=\"40.03\" width=\"20.87\" height=\"53.94\"><\/rect><path class=\"3\" d=\"M117.13,84.44s-14.24,11.16-31.46,12S33.55,71.6,33.55,71.6C27.2,67,33.66,52.28,46.6,57.84l18.26,9.63L79,66.5\"><\/path><path class=\"3\" d=\"M58,27.32a24.58,24.58,0,0,0-9.34-.7,30.79,30.79,0,0,0-21.4,10.14L5.84,68C-.87,76,2.09,84,8,86.45c0,0,4.43,1.84,7.62-.31\"><\/path><path class=\"3\" d=\"M117.13,46.89S98,39.42,83.68,34.74\"><\/path><path class=\"3\" d=\"M90.68,4.42h0a12.32,12.32,0,0,1,2.67,17.37l-4.13,5.53L69,12.58l4.13-5.52A12.69,12.69,0,0,1,90.68,4.42Z\"><\/path><polyline class=\"3\" points=\"48.59 81.76 37.36 96.8 17.09 82.07 33.8 59.68 68.95 12.58 89.22 27.32 60.84 65.35\"><\/polyline><polygon class=\"3\" points=\"37.36 96.8 36.7 97.69 8.43 114.61 16.43 82.96 17.09 82.07 37.36 96.8\"><\/polygon><\/g><\/g><\/svg>\t\t\t\t<\/span>\n\t\t\t<\/div>\n\t\t\t\n\t\t\t\t\t\t<div class=\"elementor-icon-box-content\">\n\n\t\t\t\t\t\t\t\t\t<h3 class=\"elementor-icon-box-title\">\n\t\t\t\t\t\t<span  >\n\t\t\t\t\t\t\tConception\t\t\t\t\t\t<\/span>\n\t\t\t\t\t<\/h3>\n\t\t\t\t\n\t\t\t\t\t\t\t\t\t<p class=\"elementor-icon-box-description\">\n\t\t\t\t\t\tConception initiale avec recherche des meilleurs fournisseurs pour chaque partie du syst\u00e8me et pr\u00e9sentation du projet global.\t\t\t\t\t<\/p>\n\t\t\t\t\n\t\t\t<\/div>\n\t\t\t\n\t\t<\/div>\n\t\t\t\t\t\t<\/div>\n\t\t\t\t<\/div>\n\t\t\t\t\t<\/div>\n\t\t<\/div>\n\t\t\t\t<div class=\"elementor-column elementor-col-33 elementor-inner-column elementor-element elementor-element-60b7e88\" data-id=\"60b7e88\" data-element_type=\"column\" data-e-type=\"column\">\n\t\t\t<div class=\"elementor-widget-wrap elementor-element-populated\">\n\t\t\t\t\t\t<div class=\"elementor-element elementor-element-a0c3d81 elementor-view-default elementor-position-block-start elementor-mobile-position-block-start elementor-widget elementor-widget-icon-box\" data-id=\"a0c3d81\" data-element_type=\"widget\" data-e-type=\"widget\" data-widget_type=\"icon-box.default\">\n\t\t\t\t<div class=\"elementor-widget-container\">\n\t\t\t\t\t\t\t<div class=\"elementor-icon-box-wrapper\">\n\n\t\t\t\t\t\t<div class=\"elementor-icon-box-icon\">\n\t\t\t\t<span  class=\"elementor-icon\">\n\t\t\t\t<svg xmlns=\"http:\/\/www.w3.org\/2000\/svg\" viewBox=\"0 0 124.51 123.23\"><defs><style>.\\33 {fill:none;stroke:#140404;stroke-linecap:round;stroke-linejoin:round;stroke-width:4px;}<\/style><\/defs><g id=\"Layer_2\" data-name=\"Layer 2\"><g id=\"VECTOR\"><polygon class=\"3\" points=\"62.25 2 122.51 23.56 122.51 102.45 62.25 80.89 62.25 2\"><\/polygon><polygon class=\"3\" points=\"62.25 2 2 23.56 2 102.45 62.25 80.89 62.25 2\"><\/polygon><polyline class=\"3\" points=\"122.51 102.45 62.25 121.23 2 102.45 62.25 80.89\"><\/polyline><\/g><\/g><\/svg>\t\t\t\t<\/span>\n\t\t\t<\/div>\n\t\t\t\n\t\t\t\t\t\t<div class=\"elementor-icon-box-content\">\n\n\t\t\t\t\t\t\t\t\t<h3 class=\"elementor-icon-box-title\">\n\t\t\t\t\t\t<span  >\n\t\t\t\t\t\t\tIng\u00e9nierie\t\t\t\t\t\t<\/span>\n\t\t\t\t\t<\/h3>\n\t\t\t\t\n\t\t\t\t\t\t\t\t\t<p class=\"elementor-icon-box-description\">\n\t\t\t\t\t\tD\u00e9finition d\u00e9taill\u00e9e du projet et ing\u00e9nierie. \u00c0 ce stade, si n\u00e9cessaire, nous pouvons \u00e9galement jouer le r\u00f4le d'entrepreneur g\u00e9n\u00e9ral et suivre toute la partie assemblage de l'usine.\t\t\t\t\t<\/p>\n\t\t\t\t\n\t\t\t<\/div>\n\t\t\t\n\t\t<\/div>\n\t\t\t\t\t\t<\/div>\n\t\t\t\t<\/div>\n\t\t\t\t\t<\/div>\n\t\t<\/div>\n\t\t\t\t\t<\/div>\n\t\t<\/section>\n\t\t\t\t\t<\/div>\n\t\t<\/div>\n\t\t\t\t\t<\/div>\n\t\t<\/section>\n\t\t\t\t<\/div>\n\t\t","protected":false},"excerpt":{"rendered":"<p>INSTALLATION conseil et conception L&rsquo;exp\u00e9rience et la connaissance approfondie de l&rsquo;industrie nous permettent de concevoir l&rsquo;installation de galvanoplastie la mieux adapt\u00e9e \u00e0 votre entreprise pour r\u00e9pondre \u00e0 vos attentes en termes de production et de performance. Un service de conseil et de conception sur mesure. pour que vous puissiez compter sur un syst\u00e8me de galvanoplastie [&hellip;]<\/p>\n","protected":false},"author":2,"featured_media":0,"parent":0,"menu_order":0,"comment_status":"closed","ping_status":"closed","template":"","meta":{"footnotes":""},"class_list":["post-5427","page","type-page","status-publish","hentry"],"yoast_head":"<!-- This site is optimized with the Yoast SEO plugin v27.1.1 - https:\/\/yoast.com\/product\/yoast-seo-wordpress\/ -->\n<title>Installation - Valmet Plating<\/title>\n<meta name=\"robots\" content=\"index, follow, max-snippet:-1, max-image-preview:large, max-video-preview:-1\" \/>\n<link rel=\"canonical\" href=\"https:\/\/valmetplating.it\/fr\/installation\/\" \/>\n<meta property=\"og:locale\" content=\"fr_FR\" \/>\n<meta property=\"og:type\" content=\"article\" \/>\n<meta property=\"og:title\" content=\"Installation - Valmet Plating\" \/>\n<meta property=\"og:description\" content=\"INSTALLATION conseil et conception L&rsquo;exp\u00e9rience et la connaissance approfondie de l&rsquo;industrie nous permettent de concevoir l&rsquo;installation de galvanoplastie la mieux adapt\u00e9e \u00e0 votre entreprise pour r\u00e9pondre \u00e0 vos attentes en termes de production et de performance. Un service de conseil et de conception sur mesure. pour que vous puissiez compter sur un syst\u00e8me de galvanoplastie [&hellip;]\" \/>\n<meta property=\"og:url\" content=\"https:\/\/valmetplating.it\/fr\/installation\/\" \/>\n<meta property=\"og:site_name\" content=\"Valmet Plating\" \/>\n<meta property=\"article:modified_time\" content=\"2023-07-28T07:47:41+00:00\" \/>\n<meta name=\"twitter:card\" content=\"summary_large_image\" \/>\n<meta name=\"twitter:label1\" content=\"Dur\u00e9e de lecture estim\u00e9e\" \/>\n\t<meta name=\"twitter:data1\" content=\"2 minutes\" \/>\n<script type=\"application\/ld+json\" class=\"yoast-schema-graph\">{\"@context\":\"https:\/\/schema.org\",\"@graph\":[{\"@type\":\"WebPage\",\"@id\":\"https:\/\/valmetplating.it\/fr\/installation\/\",\"url\":\"https:\/\/valmetplating.it\/fr\/installation\/\",\"name\":\"Installation - Valmet Plating\",\"isPartOf\":{\"@id\":\"https:\/\/valmetplating.it\/en\/#website\"},\"datePublished\":\"2022-09-09T07:48:10+00:00\",\"dateModified\":\"2023-07-28T07:47:41+00:00\",\"breadcrumb\":{\"@id\":\"https:\/\/valmetplating.it\/fr\/installation\/#breadcrumb\"},\"inLanguage\":\"fr-FR\",\"potentialAction\":[{\"@type\":\"ReadAction\",\"target\":[\"https:\/\/valmetplating.it\/fr\/installation\/\"]}]},{\"@type\":\"BreadcrumbList\",\"@id\":\"https:\/\/valmetplating.it\/fr\/installation\/#breadcrumb\",\"itemListElement\":[{\"@type\":\"ListItem\",\"position\":1,\"name\":\"Home\",\"item\":\"https:\/\/valmetplating.it\/fr\/\"},{\"@type\":\"ListItem\",\"position\":2,\"name\":\"Installation\"}]},{\"@type\":\"WebSite\",\"@id\":\"https:\/\/valmetplating.it\/en\/#website\",\"url\":\"https:\/\/valmetplating.it\/en\/\",\"name\":\"Valmet Plating\",\"description\":\"Prodotti chimici per la galvanica. Soluzioni e bagni galvanici. Servizi di consulenza\",\"publisher\":{\"@id\":\"https:\/\/valmetplating.it\/en\/#organization\"},\"potentialAction\":[{\"@type\":\"SearchAction\",\"target\":{\"@type\":\"EntryPoint\",\"urlTemplate\":\"https:\/\/valmetplating.it\/en\/?s={search_term_string}\"},\"query-input\":{\"@type\":\"PropertyValueSpecification\",\"valueRequired\":true,\"valueName\":\"search_term_string\"}}],\"inLanguage\":\"fr-FR\"},{\"@type\":\"Organization\",\"@id\":\"https:\/\/valmetplating.it\/en\/#organization\",\"name\":\"Valmet Plating\",\"url\":\"https:\/\/valmetplating.it\/en\/\",\"logo\":{\"@type\":\"ImageObject\",\"inLanguage\":\"fr-FR\",\"@id\":\"https:\/\/valmetplating.it\/en\/#\/schema\/logo\/image\/\",\"url\":\"https:\/\/valmetplating.it\/wp-content\/uploads\/2021\/08\/Valmet_Plating_new_logo_rgb_eng.svg\",\"contentUrl\":\"https:\/\/valmetplating.it\/wp-content\/uploads\/2021\/08\/Valmet_Plating_new_logo_rgb_eng.svg\",\"width\":308,\"height\":108,\"caption\":\"Valmet Plating\"},\"image\":{\"@id\":\"https:\/\/valmetplating.it\/en\/#\/schema\/logo\/image\/\"}}]}<\/script>\n<!-- \/ Yoast SEO plugin. -->","yoast_head_json":{"title":"Installation - Valmet Plating","robots":{"index":"index","follow":"follow","max-snippet":"max-snippet:-1","max-image-preview":"max-image-preview:large","max-video-preview":"max-video-preview:-1"},"canonical":"https:\/\/valmetplating.it\/fr\/installation\/","og_locale":"fr_FR","og_type":"article","og_title":"Installation - Valmet Plating","og_description":"INSTALLATION conseil et conception L&rsquo;exp\u00e9rience et la connaissance approfondie de l&rsquo;industrie nous permettent de concevoir l&rsquo;installation de galvanoplastie la mieux adapt\u00e9e \u00e0 votre entreprise pour r\u00e9pondre \u00e0 vos attentes en termes de production et de performance. Un service de conseil et de conception sur mesure. pour que vous puissiez compter sur un syst\u00e8me de galvanoplastie [&hellip;]","og_url":"https:\/\/valmetplating.it\/fr\/installation\/","og_site_name":"Valmet Plating","article_modified_time":"2023-07-28T07:47:41+00:00","twitter_card":"summary_large_image","twitter_misc":{"Dur\u00e9e de lecture estim\u00e9e":"2 minutes"},"schema":{"@context":"https:\/\/schema.org","@graph":[{"@type":"WebPage","@id":"https:\/\/valmetplating.it\/fr\/installation\/","url":"https:\/\/valmetplating.it\/fr\/installation\/","name":"Installation - Valmet Plating","isPartOf":{"@id":"https:\/\/valmetplating.it\/en\/#website"},"datePublished":"2022-09-09T07:48:10+00:00","dateModified":"2023-07-28T07:47:41+00:00","breadcrumb":{"@id":"https:\/\/valmetplating.it\/fr\/installation\/#breadcrumb"},"inLanguage":"fr-FR","potentialAction":[{"@type":"ReadAction","target":["https:\/\/valmetplating.it\/fr\/installation\/"]}]},{"@type":"BreadcrumbList","@id":"https:\/\/valmetplating.it\/fr\/installation\/#breadcrumb","itemListElement":[{"@type":"ListItem","position":1,"name":"Home","item":"https:\/\/valmetplating.it\/fr\/"},{"@type":"ListItem","position":2,"name":"Installation"}]},{"@type":"WebSite","@id":"https:\/\/valmetplating.it\/en\/#website","url":"https:\/\/valmetplating.it\/en\/","name":"Valmet Plating","description":"Prodotti chimici per la galvanica. Soluzioni e bagni galvanici. Servizi di consulenza","publisher":{"@id":"https:\/\/valmetplating.it\/en\/#organization"},"potentialAction":[{"@type":"SearchAction","target":{"@type":"EntryPoint","urlTemplate":"https:\/\/valmetplating.it\/en\/?s={search_term_string}"},"query-input":{"@type":"PropertyValueSpecification","valueRequired":true,"valueName":"search_term_string"}}],"inLanguage":"fr-FR"},{"@type":"Organization","@id":"https:\/\/valmetplating.it\/en\/#organization","name":"Valmet Plating","url":"https:\/\/valmetplating.it\/en\/","logo":{"@type":"ImageObject","inLanguage":"fr-FR","@id":"https:\/\/valmetplating.it\/en\/#\/schema\/logo\/image\/","url":"https:\/\/valmetplating.it\/wp-content\/uploads\/2021\/08\/Valmet_Plating_new_logo_rgb_eng.svg","contentUrl":"https:\/\/valmetplating.it\/wp-content\/uploads\/2021\/08\/Valmet_Plating_new_logo_rgb_eng.svg","width":308,"height":108,"caption":"Valmet Plating"},"image":{"@id":"https:\/\/valmetplating.it\/en\/#\/schema\/logo\/image\/"}}]}},"_links":{"self":[{"href":"https:\/\/valmetplating.it\/fr\/wp-json\/wp\/v2\/pages\/5427","targetHints":{"allow":["GET"]}}],"collection":[{"href":"https:\/\/valmetplating.it\/fr\/wp-json\/wp\/v2\/pages"}],"about":[{"href":"https:\/\/valmetplating.it\/fr\/wp-json\/wp\/v2\/types\/page"}],"author":[{"embeddable":true,"href":"https:\/\/valmetplating.it\/fr\/wp-json\/wp\/v2\/users\/2"}],"replies":[{"embeddable":true,"href":"https:\/\/valmetplating.it\/fr\/wp-json\/wp\/v2\/comments?post=5427"}],"version-history":[{"count":1,"href":"https:\/\/valmetplating.it\/fr\/wp-json\/wp\/v2\/pages\/5427\/revisions"}],"predecessor-version":[{"id":5428,"href":"https:\/\/valmetplating.it\/fr\/wp-json\/wp\/v2\/pages\/5427\/revisions\/5428"}],"wp:attachment":[{"href":"https:\/\/valmetplating.it\/fr\/wp-json\/wp\/v2\/media?parent=5427"}],"curies":[{"name":"wp","href":"https:\/\/api.w.org\/{rel}","templated":true}]}}