{"id":5409,"date":"2021-10-18T11:12:50","date_gmt":"2021-10-18T09:12:50","guid":{"rendered":"https:\/\/valmetplating.it\/valmet-insider\/"},"modified":"2023-12-18T15:55:29","modified_gmt":"2023-12-18T14:55:29","slug":"valmet-insider","status":"publish","type":"page","link":"https:\/\/valmetplating.it\/fr\/valmet-insider\/","title":{"rendered":"Valmet Insider"},"content":{"rendered":"\t\t<div data-elementor-type=\"wp-page\" data-elementor-id=\"5409\" class=\"elementor elementor-5409 elementor-1765\" data-elementor-post-type=\"page\">\n\t\t\t\t\t\t<section class=\"elementor-section elementor-top-section elementor-element elementor-element-1391eb6 elementor-section-boxed elementor-section-height-default elementor-section-height-default\" data-id=\"1391eb6\" data-element_type=\"section\" data-e-type=\"section\">\n\t\t\t\t\t\t<div class=\"elementor-container elementor-column-gap-default\">\n\t\t\t\t\t<div class=\"elementor-column elementor-col-50 elementor-top-column elementor-element elementor-element-2abcf9a\" data-id=\"2abcf9a\" data-element_type=\"column\" data-e-type=\"column\">\n\t\t\t<div class=\"elementor-widget-wrap elementor-element-populated\">\n\t\t\t\t\t\t<div class=\"elementor-element elementor-element-f0737f9 elementor-widget elementor-widget-heading\" data-id=\"f0737f9\" data-element_type=\"widget\" data-e-type=\"widget\" data-widget_type=\"heading.default\">\n\t\t\t\t<div class=\"elementor-widget-container\">\n\t\t\t\t\t<h2 class=\"elementor-heading-title elementor-size-default\">La meilleure fa\u00e7on de d\u00e9couvrir l'univers Valmet<\/h2>\t\t\t\t<\/div>\n\t\t\t\t<\/div>\n\t\t\t\t<div class=\"elementor-element elementor-element-27dcb5f elementor-widget-divider--view-line elementor-widget elementor-widget-divider\" data-id=\"27dcb5f\" data-element_type=\"widget\" data-e-type=\"widget\" data-widget_type=\"divider.default\">\n\t\t\t\t<div class=\"elementor-widget-container\">\n\t\t\t\t\t\t\t<div class=\"elementor-divider\">\n\t\t\t<span class=\"elementor-divider-separator\">\n\t\t\t\t\t\t<\/span>\n\t\t<\/div>\n\t\t\t\t\t\t<\/div>\n\t\t\t\t<\/div>\n\t\t\t\t\t<\/div>\n\t\t<\/div>\n\t\t\t\t<div class=\"elementor-column elementor-col-50 elementor-top-column elementor-element elementor-element-ae0def4\" data-id=\"ae0def4\" data-element_type=\"column\" data-e-type=\"column\">\n\t\t\t<div class=\"elementor-widget-wrap elementor-element-populated\">\n\t\t\t\t\t\t<div class=\"elementor-element elementor-element-2ce635f elementor-widget elementor-widget-heading\" data-id=\"2ce635f\" data-element_type=\"widget\" data-e-type=\"widget\" data-widget_type=\"heading.default\">\n\t\t\t\t<div class=\"elementor-widget-container\">\n\t\t\t\t\t<h2 class=\"elementor-heading-title elementor-size-default\">Parcourez notre magazine d'entreprise et d\u00e9couvrez des id\u00e9es, des nouvelles et des interviews de notre \u00e9quipe.<\/h2>\t\t\t\t<\/div>\n\t\t\t\t<\/div>\n\t\t\t\t\t<\/div>\n\t\t<\/div>\n\t\t\t\t\t<\/div>\n\t\t<\/section>\n\t\t\t\t<section class=\"elementor-section elementor-top-section elementor-element elementor-element-46877dff elementor-section-boxed elementor-section-height-default elementor-section-height-default\" data-id=\"46877dff\" data-element_type=\"section\" data-e-type=\"section\" data-settings=\"{&quot;background_background&quot;:&quot;classic&quot;}\">\n\t\t\t\t\t\t<div class=\"elementor-container elementor-column-gap-default\">\n\t\t\t\t\t<div class=\"elementor-column elementor-col-100 elementor-top-column elementor-element elementor-element-245e8a64\" data-id=\"245e8a64\" data-element_type=\"column\" data-e-type=\"column\">\n\t\t\t<div class=\"elementor-widget-wrap elementor-element-populated\">\n\t\t\t\t\t\t<div class=\"elementor-element elementor-element-6f883e70 elementor-widget elementor-widget-heading\" data-id=\"6f883e70\" data-element_type=\"widget\" data-e-type=\"widget\" data-widget_type=\"heading.default\">\n\t\t\t\t<div class=\"elementor-widget-container\">\n\t\t\t\t\t<h2 class=\"elementor-heading-title elementor-size-default\">Valmet Insider<br><b>OCTOBRE 2023<\/b><\/h2>\t\t\t\t<\/div>\n\t\t\t\t<\/div>\n\t\t\t\t<div class=\"elementor-element elementor-element-694edc39 elementor-widget elementor-widget-html\" data-id=\"694edc39\" data-element_type=\"widget\" data-e-type=\"widget\" data-widget_type=\"html.default\">\n\t\t\t\t<div class=\"elementor-widget-container\">\n\t\t\t\t\t<iframe width=\"620px\" height=\"566px\" src=\"https:\/\/www.yumpu.com\/it\/embed\/view\/rw3AlZJKmHfYu12i\" frameborder=\"0\" allowfullscreen=\"true\" allowtransparency=\"true\"><\/iframe>\t\t\t\t<\/div>\n\t\t\t\t<\/div>\n\t\t\t\t<div class=\"elementor-element elementor-element-4df7b29d elementor-mobile-align-center elementor-widget elementor-widget-button\" data-id=\"4df7b29d\" data-element_type=\"widget\" data-e-type=\"widget\" data-widget_type=\"button.default\">\n\t\t\t\t<div class=\"elementor-widget-container\">\n\t\t\t\t\t\t\t\t\t<div class=\"elementor-button-wrapper\">\n\t\t\t\t\t<a class=\"elementor-button elementor-button-link elementor-size-xs\" href=\"https:\/\/valmetplating.it\/wp-content\/uploads\/2023\/10\/tabloid_valmet_ottobre_2023_web.pdf\" target=\"_blank\">\n\t\t\t\t\t\t<span class=\"elementor-button-content-wrapper\">\n\t\t\t\t\t\t\t\t\t<span class=\"elementor-button-text\">T\u00e9l\u00e9charger le tablo\u00efd<\/span>\n\t\t\t\t\t<\/span>\n\t\t\t\t\t<\/a>\n\t\t\t\t<\/div>\n\t\t\t\t\t\t\t\t<\/div>\n\t\t\t\t<\/div>\n\t\t\t\t\t<\/div>\n\t\t<\/div>\n\t\t\t\t\t<\/div>\n\t\t<\/section>\n\t\t\t\t<section class=\"elementor-section elementor-top-section elementor-element elementor-element-4c6e8fdf elementor-section-boxed elementor-section-height-default elementor-section-height-default\" data-id=\"4c6e8fdf\" data-element_type=\"section\" data-e-type=\"section\" data-settings=\"{&quot;background_background&quot;:&quot;classic&quot;}\">\n\t\t\t\t\t\t<div class=\"elementor-container elementor-column-gap-default\">\n\t\t\t\t\t<div class=\"elementor-column elementor-col-12 elementor-top-column elementor-element elementor-element-55a65948\" data-id=\"55a65948\" data-element_type=\"column\" data-e-type=\"column\">\n\t\t\t<div class=\"elementor-widget-wrap elementor-element-populated\">\n\t\t\t\t\t\t<div class=\"elementor-element elementor-element-e1fc43a elementor-widget elementor-widget-heading\" data-id=\"e1fc43a\" data-element_type=\"widget\" data-e-type=\"widget\" data-widget_type=\"heading.default\">\n\t\t\t\t<div class=\"elementor-widget-container\">\n\t\t\t\t\t<h2 class=\"elementor-heading-title elementor-size-default\"><a href=\"https:\/\/valmetplating.it\/wp-content\/uploads\/2023\/05\/tabloid_valmet_maggio_2023_web.pdf\" target=\"_blank\">Valmet Insider<br><b>JUIN 2023<\/b><\/a><\/h2>\t\t\t\t<\/div>\n\t\t\t\t<\/div>\n\t\t\t\t<div class=\"elementor-element elementor-element-72097109 elementor-mobile-align-center elementor-widget elementor-widget-button\" data-id=\"72097109\" data-element_type=\"widget\" data-e-type=\"widget\" data-widget_type=\"button.default\">\n\t\t\t\t<div class=\"elementor-widget-container\">\n\t\t\t\t\t\t\t\t\t<div class=\"elementor-button-wrapper\">\n\t\t\t\t\t<a class=\"elementor-button elementor-button-link elementor-size-xs\" href=\"https:\/\/valmetplating.it\/wp-content\/uploads\/2023\/05\/tabloid_valmet_maggio_2023_web.pdf\" target=\"_blank\">\n\t\t\t\t\t\t<span class=\"elementor-button-content-wrapper\">\n\t\t\t\t\t\t\t\t\t<span class=\"elementor-button-text\">T\u00e9l\u00e9charger le tablo\u00efd<\/span>\n\t\t\t\t\t<\/span>\n\t\t\t\t\t<\/a>\n\t\t\t\t<\/div>\n\t\t\t\t\t\t\t\t<\/div>\n\t\t\t\t<\/div>\n\t\t\t\t\t<\/div>\n\t\t<\/div>\n\t\t\t\t<div class=\"elementor-column elementor-col-12 elementor-top-column elementor-element elementor-element-7c595bf\" data-id=\"7c595bf\" data-element_type=\"column\" data-e-type=\"column\">\n\t\t\t<div class=\"elementor-widget-wrap elementor-element-populated\">\n\t\t\t\t\t\t<div class=\"elementor-element elementor-element-20d63be elementor-widget elementor-widget-heading\" data-id=\"20d63be\" data-element_type=\"widget\" data-e-type=\"widget\" data-widget_type=\"heading.default\">\n\t\t\t\t<div class=\"elementor-widget-container\">\n\t\t\t\t\t<h2 class=\"elementor-heading-title elementor-size-default\"><a href=\"https:\/\/valmetplating.it\/wp-content\/uploads\/2022\/12\/tabloid_valmet_sostenibilita_low.pdf\">Valmet Insider<br><b>D\u00c9CEMBRE 22<\/b><\/a><\/h2>\t\t\t\t<\/div>\n\t\t\t\t<\/div>\n\t\t\t\t<div class=\"elementor-element elementor-element-e14f637 elementor-mobile-align-center elementor-widget elementor-widget-button\" data-id=\"e14f637\" data-element_type=\"widget\" data-e-type=\"widget\" data-widget_type=\"button.default\">\n\t\t\t\t<div class=\"elementor-widget-container\">\n\t\t\t\t\t\t\t\t\t<div class=\"elementor-button-wrapper\">\n\t\t\t\t\t<a class=\"elementor-button elementor-button-link elementor-size-xs\" href=\"https:\/\/refining.valmet.it\/wp-content\/uploads\/2023\/10\/tabloid_valmet_dicembre_2022_web.pdf\" target=\"_blank\">\n\t\t\t\t\t\t<span class=\"elementor-button-content-wrapper\">\n\t\t\t\t\t\t\t\t\t<span class=\"elementor-button-text\">T\u00e9l\u00e9charger le tablo\u00efd<\/span>\n\t\t\t\t\t<\/span>\n\t\t\t\t\t<\/a>\n\t\t\t\t<\/div>\n\t\t\t\t\t\t\t\t<\/div>\n\t\t\t\t<\/div>\n\t\t\t\t\t<\/div>\n\t\t<\/div>\n\t\t\t\t<div class=\"elementor-column elementor-col-12 elementor-top-column elementor-element elementor-element-a38108c\" data-id=\"a38108c\" data-element_type=\"column\" data-e-type=\"column\">\n\t\t\t<div class=\"elementor-widget-wrap elementor-element-populated\">\n\t\t\t\t\t\t<div class=\"elementor-element elementor-element-964f650 elementor-widget elementor-widget-heading\" data-id=\"964f650\" data-element_type=\"widget\" data-e-type=\"widget\" data-widget_type=\"heading.default\">\n\t\t\t\t<div class=\"elementor-widget-container\">\n\t\t\t\t\t<h2 class=\"elementor-heading-title elementor-size-default\"><a href=\"https:\/\/valmetplating.it\/wp-content\/uploads\/2022\/12\/tabloid_valmet_sostenibilita_low.pdf\">Valmet Insider<br><b>sp\u00e9cial M4C <\/b><\/a><\/h2>\t\t\t\t<\/div>\n\t\t\t\t<\/div>\n\t\t\t\t<div class=\"elementor-element elementor-element-9432154 elementor-mobile-align-center elementor-widget elementor-widget-button\" data-id=\"9432154\" data-element_type=\"widget\" data-e-type=\"widget\" data-widget_type=\"button.default\">\n\t\t\t\t<div class=\"elementor-widget-container\">\n\t\t\t\t\t\t\t\t\t<div class=\"elementor-button-wrapper\">\n\t\t\t\t\t<a class=\"elementor-button elementor-button-link elementor-size-xs\" href=\"https:\/\/valmetplating.it\/wp-content\/uploads\/2023\/10\/tabloid_valmet_sostenibilita_web.pdf\" target=\"_blank\">\n\t\t\t\t\t\t<span class=\"elementor-button-content-wrapper\">\n\t\t\t\t\t\t\t\t\t<span class=\"elementor-button-text\">T\u00e9l\u00e9charger le tablo\u00efd<\/span>\n\t\t\t\t\t<\/span>\n\t\t\t\t\t<\/a>\n\t\t\t\t<\/div>\n\t\t\t\t\t\t\t\t<\/div>\n\t\t\t\t<\/div>\n\t\t\t\t\t<\/div>\n\t\t<\/div>\n\t\t\t\t<div class=\"elementor-column elementor-col-12 elementor-top-column elementor-element elementor-element-7c27a907\" data-id=\"7c27a907\" data-element_type=\"column\" data-e-type=\"column\">\n\t\t\t<div class=\"elementor-widget-wrap elementor-element-populated\">\n\t\t\t\t\t\t<div class=\"elementor-element elementor-element-66433d37 elementor-widget elementor-widget-heading\" data-id=\"66433d37\" data-element_type=\"widget\" data-e-type=\"widget\" data-widget_type=\"heading.default\">\n\t\t\t\t<div class=\"elementor-widget-container\">\n\t\t\t\t\t<h2 class=\"elementor-heading-title elementor-size-default\">Valmet Insider<br><b>Mai 2022<\/b><\/h2>\t\t\t\t<\/div>\n\t\t\t\t<\/div>\n\t\t\t\t<div class=\"elementor-element elementor-element-5b941071 elementor-mobile-align-center elementor-widget elementor-widget-button\" data-id=\"5b941071\" data-element_type=\"widget\" data-e-type=\"widget\" data-widget_type=\"button.default\">\n\t\t\t\t<div class=\"elementor-widget-container\">\n\t\t\t\t\t\t\t\t\t<div class=\"elementor-button-wrapper\">\n\t\t\t\t\t<a class=\"elementor-button elementor-button-link elementor-size-xs\" href=\"https:\/\/valmetplating.it\/wp-content\/uploads\/2023\/10\/tabloid_valmet_aprile_2022_low.pdf\" target=\"_blank\">\n\t\t\t\t\t\t<span class=\"elementor-button-content-wrapper\">\n\t\t\t\t\t\t\t\t\t<span class=\"elementor-button-text\">T\u00e9l\u00e9charger le tablo\u00efd<\/span>\n\t\t\t\t\t<\/span>\n\t\t\t\t\t<\/a>\n\t\t\t\t<\/div>\n\t\t\t\t\t\t\t\t<\/div>\n\t\t\t\t<\/div>\n\t\t\t\t\t<\/div>\n\t\t<\/div>\n\t\t\t\t<div class=\"elementor-column elementor-col-12 elementor-top-column elementor-element elementor-element-50755690\" data-id=\"50755690\" data-element_type=\"column\" data-e-type=\"column\">\n\t\t\t<div class=\"elementor-widget-wrap elementor-element-populated\">\n\t\t\t\t\t\t<div class=\"elementor-element elementor-element-6c4a846b elementor-widget elementor-widget-heading\" data-id=\"6c4a846b\" data-element_type=\"widget\" data-e-type=\"widget\" data-widget_type=\"heading.default\">\n\t\t\t\t<div class=\"elementor-widget-container\">\n\t\t\t\t\t<h2 class=\"elementor-heading-title elementor-size-default\">Valmet Insider<br><b>Novembre 21<\/b><\/h2>\t\t\t\t<\/div>\n\t\t\t\t<\/div>\n\t\t\t\t<div class=\"elementor-element elementor-element-97e088c elementor-mobile-align-center elementor-widget elementor-widget-button\" data-id=\"97e088c\" data-element_type=\"widget\" data-e-type=\"widget\" data-widget_type=\"button.default\">\n\t\t\t\t<div class=\"elementor-widget-container\">\n\t\t\t\t\t\t\t\t\t<div class=\"elementor-button-wrapper\">\n\t\t\t\t\t<a class=\"elementor-button elementor-button-link elementor-size-xs\" href=\"https:\/\/valmetplating.it\/wp-content\/uploads\/2021\/11\/Valmet_tabloid_Novembre_2021.pdf\" target=\"_blank\">\n\t\t\t\t\t\t<span class=\"elementor-button-content-wrapper\">\n\t\t\t\t\t\t\t\t\t<span class=\"elementor-button-text\">T\u00e9l\u00e9charger le tablo\u00efd<\/span>\n\t\t\t\t\t<\/span>\n\t\t\t\t\t<\/a>\n\t\t\t\t<\/div>\n\t\t\t\t\t\t\t\t<\/div>\n\t\t\t\t<\/div>\n\t\t\t\t\t<\/div>\n\t\t<\/div>\n\t\t\t\t<div class=\"elementor-column elementor-col-12 elementor-top-column elementor-element elementor-element-3f4f038c\" data-id=\"3f4f038c\" data-element_type=\"column\" data-e-type=\"column\">\n\t\t\t<div class=\"elementor-widget-wrap elementor-element-populated\">\n\t\t\t\t\t\t<div class=\"elementor-element elementor-element-6b9c8212 elementor-widget elementor-widget-heading\" data-id=\"6b9c8212\" data-element_type=\"widget\" data-e-type=\"widget\" data-widget_type=\"heading.default\">\n\t\t\t\t<div class=\"elementor-widget-container\">\n\t\t\t\t\t<h2 class=\"elementor-heading-title elementor-size-default\">Valmet Insider<br><b>Avril 2021<\/b><\/h2>\t\t\t\t<\/div>\n\t\t\t\t<\/div>\n\t\t\t\t<div class=\"elementor-element elementor-element-77c23d29 elementor-mobile-align-center elementor-widget elementor-widget-button\" data-id=\"77c23d29\" data-element_type=\"widget\" data-e-type=\"widget\" data-widget_type=\"button.default\">\n\t\t\t\t<div class=\"elementor-widget-container\">\n\t\t\t\t\t\t\t\t\t<div class=\"elementor-button-wrapper\">\n\t\t\t\t\t<a class=\"elementor-button elementor-button-link elementor-size-xs\" href=\"https:\/\/valmetplating.it\/wp-content\/uploads\/2021\/10\/Valmet_tabloid_APRILE_2021_web.pdf\" target=\"_blank\">\n\t\t\t\t\t\t<span class=\"elementor-button-content-wrapper\">\n\t\t\t\t\t\t\t\t\t<span class=\"elementor-button-text\">T\u00e9l\u00e9charger le tablo\u00efd<\/span>\n\t\t\t\t\t<\/span>\n\t\t\t\t\t<\/a>\n\t\t\t\t<\/div>\n\t\t\t\t\t\t\t\t<\/div>\n\t\t\t\t<\/div>\n\t\t\t\t\t<\/div>\n\t\t<\/div>\n\t\t\t\t<div class=\"elementor-column elementor-col-12 elementor-top-column elementor-element elementor-element-3f84b90c\" data-id=\"3f84b90c\" data-element_type=\"column\" data-e-type=\"column\">\n\t\t\t<div class=\"elementor-widget-wrap elementor-element-populated\">\n\t\t\t\t\t\t<div class=\"elementor-element elementor-element-33069c75 elementor-widget elementor-widget-heading\" data-id=\"33069c75\" data-element_type=\"widget\" data-e-type=\"widget\" data-widget_type=\"heading.default\">\n\t\t\t\t<div class=\"elementor-widget-container\">\n\t\t\t\t\t<h2 class=\"elementor-heading-title elementor-size-default\">Valmet Insider<br><b>Janvier 2021<\/b><\/h2>\t\t\t\t<\/div>\n\t\t\t\t<\/div>\n\t\t\t\t<div class=\"elementor-element elementor-element-1ea5c791 elementor-mobile-align-center elementor-widget elementor-widget-button\" data-id=\"1ea5c791\" data-element_type=\"widget\" data-e-type=\"widget\" data-widget_type=\"button.default\">\n\t\t\t\t<div class=\"elementor-widget-container\">\n\t\t\t\t\t\t\t\t\t<div class=\"elementor-button-wrapper\">\n\t\t\t\t\t<a class=\"elementor-button elementor-button-link elementor-size-xs\" href=\"https:\/\/valmetplating.it\/wp-content\/uploads\/2021\/10\/Valmet_Insider_gennaio_2021_web.pdf\" target=\"_blank\">\n\t\t\t\t\t\t<span class=\"elementor-button-content-wrapper\">\n\t\t\t\t\t\t\t\t\t<span class=\"elementor-button-text\">T\u00e9l\u00e9charger le tablo\u00efd<\/span>\n\t\t\t\t\t<\/span>\n\t\t\t\t\t<\/a>\n\t\t\t\t<\/div>\n\t\t\t\t\t\t\t\t<\/div>\n\t\t\t\t<\/div>\n\t\t\t\t\t<\/div>\n\t\t<\/div>\n\t\t\t\t<div class=\"elementor-column elementor-col-12 elementor-top-column elementor-element elementor-element-36ed2baa\" data-id=\"36ed2baa\" data-element_type=\"column\" data-e-type=\"column\">\n\t\t\t<div class=\"elementor-widget-wrap elementor-element-populated\">\n\t\t\t\t\t\t<div class=\"elementor-element elementor-element-2e137b62 elementor-widget elementor-widget-heading\" data-id=\"2e137b62\" data-element_type=\"widget\" data-e-type=\"widget\" data-widget_type=\"heading.default\">\n\t\t\t\t<div class=\"elementor-widget-container\">\n\t\t\t\t\t<h2 class=\"elementor-heading-title elementor-size-default\">Valmet Insider<br><b>Automne 20<\/b><\/h2>\t\t\t\t<\/div>\n\t\t\t\t<\/div>\n\t\t\t\t<div class=\"elementor-element elementor-element-16d6c74b elementor-mobile-align-center elementor-widget elementor-widget-button\" data-id=\"16d6c74b\" data-element_type=\"widget\" data-e-type=\"widget\" data-widget_type=\"button.default\">\n\t\t\t\t<div class=\"elementor-widget-container\">\n\t\t\t\t\t\t\t\t\t<div class=\"elementor-button-wrapper\">\n\t\t\t\t\t<a class=\"elementor-button elementor-button-link elementor-size-xs\" href=\"https:\/\/valmetplating.it\/wp-content\/uploads\/2021\/10\/Valmet_Insider_numero_1.pdf\" target=\"_blank\">\n\t\t\t\t\t\t<span class=\"elementor-button-content-wrapper\">\n\t\t\t\t\t\t\t\t\t<span class=\"elementor-button-text\">T\u00e9l\u00e9charger le tablo\u00efd<\/span>\n\t\t\t\t\t<\/span>\n\t\t\t\t\t<\/a>\n\t\t\t\t<\/div>\n\t\t\t\t\t\t\t\t<\/div>\n\t\t\t\t<\/div>\n\t\t\t\t\t<\/div>\n\t\t<\/div>\n\t\t\t\t\t<\/div>\n\t\t<\/section>\n\t\t\t\t<\/div>\n\t\t","protected":false},"excerpt":{"rendered":"<p>La meilleure fa\u00e7on de d\u00e9couvrir l&rsquo;univers Valmet Parcourez notre magazine d&rsquo;entreprise et d\u00e9couvrez des id\u00e9es, des nouvelles et des interviews de notre \u00e9quipe. Valmet InsiderOCTOBRE 2023 T\u00e9l\u00e9charger le tablo\u00efd Valmet InsiderJUIN 2023 T\u00e9l\u00e9charger le tablo\u00efd Valmet InsiderD\u00c9CEMBRE 22 T\u00e9l\u00e9charger le tablo\u00efd Valmet Insidersp\u00e9cial M4C T\u00e9l\u00e9charger le tablo\u00efd Valmet InsiderMai 2022 T\u00e9l\u00e9charger le tablo\u00efd Valmet InsiderNovembre [&hellip;]<\/p>\n","protected":false},"author":2,"featured_media":0,"parent":0,"menu_order":0,"comment_status":"closed","ping_status":"closed","template":"","meta":{"footnotes":""},"class_list":["post-5409","page","type-page","status-publish","hentry"],"yoast_head":"<!-- This site is optimized with the Yoast SEO plugin v27.1.1 - https:\/\/yoast.com\/product\/yoast-seo-wordpress\/ -->\n<title>Valmet Insider - Valmet Plating<\/title>\n<meta name=\"robots\" content=\"index, follow, max-snippet:-1, max-image-preview:large, max-video-preview:-1\" \/>\n<link rel=\"canonical\" href=\"https:\/\/valmetplating.it\/fr\/valmet-insider\/\" \/>\n<meta property=\"og:locale\" content=\"fr_FR\" \/>\n<meta property=\"og:type\" content=\"article\" \/>\n<meta property=\"og:title\" content=\"Valmet Insider - Valmet Plating\" \/>\n<meta property=\"og:description\" content=\"La meilleure fa\u00e7on de d\u00e9couvrir l&rsquo;univers Valmet Parcourez notre magazine d&rsquo;entreprise et d\u00e9couvrez des id\u00e9es, des nouvelles et des interviews de notre \u00e9quipe. Valmet InsiderOCTOBRE 2023 T\u00e9l\u00e9charger le tablo\u00efd Valmet InsiderJUIN 2023 T\u00e9l\u00e9charger le tablo\u00efd Valmet InsiderD\u00c9CEMBRE 22 T\u00e9l\u00e9charger le tablo\u00efd Valmet Insidersp\u00e9cial M4C T\u00e9l\u00e9charger le tablo\u00efd Valmet InsiderMai 2022 T\u00e9l\u00e9charger le tablo\u00efd Valmet InsiderNovembre [&hellip;]\" \/>\n<meta property=\"og:url\" content=\"https:\/\/valmetplating.it\/fr\/valmet-insider\/\" \/>\n<meta property=\"og:site_name\" content=\"Valmet Plating\" \/>\n<meta property=\"article:modified_time\" content=\"2023-12-18T14:55:29+00:00\" \/>\n<meta name=\"twitter:card\" content=\"summary_large_image\" \/>\n<meta name=\"twitter:label1\" content=\"Dur\u00e9e de lecture estim\u00e9e\" \/>\n\t<meta name=\"twitter:data1\" content=\"1 minute\" \/>\n<script type=\"application\/ld+json\" class=\"yoast-schema-graph\">{\"@context\":\"https:\/\/schema.org\",\"@graph\":[{\"@type\":\"WebPage\",\"@id\":\"https:\/\/valmetplating.it\/fr\/valmet-insider\/\",\"url\":\"https:\/\/valmetplating.it\/fr\/valmet-insider\/\",\"name\":\"Valmet Insider - Valmet Plating\",\"isPartOf\":{\"@id\":\"https:\/\/valmetplating.it\/en\/#website\"},\"datePublished\":\"2021-10-18T09:12:50+00:00\",\"dateModified\":\"2023-12-18T14:55:29+00:00\",\"breadcrumb\":{\"@id\":\"https:\/\/valmetplating.it\/fr\/valmet-insider\/#breadcrumb\"},\"inLanguage\":\"fr-FR\",\"potentialAction\":[{\"@type\":\"ReadAction\",\"target\":[\"https:\/\/valmetplating.it\/fr\/valmet-insider\/\"]}]},{\"@type\":\"BreadcrumbList\",\"@id\":\"https:\/\/valmetplating.it\/fr\/valmet-insider\/#breadcrumb\",\"itemListElement\":[{\"@type\":\"ListItem\",\"position\":1,\"name\":\"Home\",\"item\":\"https:\/\/valmetplating.it\/fr\/\"},{\"@type\":\"ListItem\",\"position\":2,\"name\":\"Valmet Insider\"}]},{\"@type\":\"WebSite\",\"@id\":\"https:\/\/valmetplating.it\/en\/#website\",\"url\":\"https:\/\/valmetplating.it\/en\/\",\"name\":\"Valmet Plating\",\"description\":\"Prodotti chimici per la galvanica. Soluzioni e bagni galvanici. Servizi di consulenza\",\"publisher\":{\"@id\":\"https:\/\/valmetplating.it\/en\/#organization\"},\"potentialAction\":[{\"@type\":\"SearchAction\",\"target\":{\"@type\":\"EntryPoint\",\"urlTemplate\":\"https:\/\/valmetplating.it\/en\/?s={search_term_string}\"},\"query-input\":{\"@type\":\"PropertyValueSpecification\",\"valueRequired\":true,\"valueName\":\"search_term_string\"}}],\"inLanguage\":\"fr-FR\"},{\"@type\":\"Organization\",\"@id\":\"https:\/\/valmetplating.it\/en\/#organization\",\"name\":\"Valmet Plating\",\"url\":\"https:\/\/valmetplating.it\/en\/\",\"logo\":{\"@type\":\"ImageObject\",\"inLanguage\":\"fr-FR\",\"@id\":\"https:\/\/valmetplating.it\/en\/#\/schema\/logo\/image\/\",\"url\":\"https:\/\/valmetplating.it\/wp-content\/uploads\/2021\/08\/Valmet_Plating_new_logo_rgb_eng.svg\",\"contentUrl\":\"https:\/\/valmetplating.it\/wp-content\/uploads\/2021\/08\/Valmet_Plating_new_logo_rgb_eng.svg\",\"width\":308,\"height\":108,\"caption\":\"Valmet Plating\"},\"image\":{\"@id\":\"https:\/\/valmetplating.it\/en\/#\/schema\/logo\/image\/\"}}]}<\/script>\n<!-- \/ Yoast SEO plugin. -->","yoast_head_json":{"title":"Valmet Insider - Valmet Plating","robots":{"index":"index","follow":"follow","max-snippet":"max-snippet:-1","max-image-preview":"max-image-preview:large","max-video-preview":"max-video-preview:-1"},"canonical":"https:\/\/valmetplating.it\/fr\/valmet-insider\/","og_locale":"fr_FR","og_type":"article","og_title":"Valmet Insider - Valmet Plating","og_description":"La meilleure fa\u00e7on de d\u00e9couvrir l&rsquo;univers Valmet Parcourez notre magazine d&rsquo;entreprise et d\u00e9couvrez des id\u00e9es, des nouvelles et des interviews de notre \u00e9quipe. Valmet InsiderOCTOBRE 2023 T\u00e9l\u00e9charger le tablo\u00efd Valmet InsiderJUIN 2023 T\u00e9l\u00e9charger le tablo\u00efd Valmet InsiderD\u00c9CEMBRE 22 T\u00e9l\u00e9charger le tablo\u00efd Valmet Insidersp\u00e9cial M4C T\u00e9l\u00e9charger le tablo\u00efd Valmet InsiderMai 2022 T\u00e9l\u00e9charger le tablo\u00efd Valmet InsiderNovembre [&hellip;]","og_url":"https:\/\/valmetplating.it\/fr\/valmet-insider\/","og_site_name":"Valmet Plating","article_modified_time":"2023-12-18T14:55:29+00:00","twitter_card":"summary_large_image","twitter_misc":{"Dur\u00e9e de lecture estim\u00e9e":"1 minute"},"schema":{"@context":"https:\/\/schema.org","@graph":[{"@type":"WebPage","@id":"https:\/\/valmetplating.it\/fr\/valmet-insider\/","url":"https:\/\/valmetplating.it\/fr\/valmet-insider\/","name":"Valmet Insider - Valmet Plating","isPartOf":{"@id":"https:\/\/valmetplating.it\/en\/#website"},"datePublished":"2021-10-18T09:12:50+00:00","dateModified":"2023-12-18T14:55:29+00:00","breadcrumb":{"@id":"https:\/\/valmetplating.it\/fr\/valmet-insider\/#breadcrumb"},"inLanguage":"fr-FR","potentialAction":[{"@type":"ReadAction","target":["https:\/\/valmetplating.it\/fr\/valmet-insider\/"]}]},{"@type":"BreadcrumbList","@id":"https:\/\/valmetplating.it\/fr\/valmet-insider\/#breadcrumb","itemListElement":[{"@type":"ListItem","position":1,"name":"Home","item":"https:\/\/valmetplating.it\/fr\/"},{"@type":"ListItem","position":2,"name":"Valmet Insider"}]},{"@type":"WebSite","@id":"https:\/\/valmetplating.it\/en\/#website","url":"https:\/\/valmetplating.it\/en\/","name":"Valmet Plating","description":"Prodotti chimici per la galvanica. Soluzioni e bagni galvanici. Servizi di consulenza","publisher":{"@id":"https:\/\/valmetplating.it\/en\/#organization"},"potentialAction":[{"@type":"SearchAction","target":{"@type":"EntryPoint","urlTemplate":"https:\/\/valmetplating.it\/en\/?s={search_term_string}"},"query-input":{"@type":"PropertyValueSpecification","valueRequired":true,"valueName":"search_term_string"}}],"inLanguage":"fr-FR"},{"@type":"Organization","@id":"https:\/\/valmetplating.it\/en\/#organization","name":"Valmet Plating","url":"https:\/\/valmetplating.it\/en\/","logo":{"@type":"ImageObject","inLanguage":"fr-FR","@id":"https:\/\/valmetplating.it\/en\/#\/schema\/logo\/image\/","url":"https:\/\/valmetplating.it\/wp-content\/uploads\/2021\/08\/Valmet_Plating_new_logo_rgb_eng.svg","contentUrl":"https:\/\/valmetplating.it\/wp-content\/uploads\/2021\/08\/Valmet_Plating_new_logo_rgb_eng.svg","width":308,"height":108,"caption":"Valmet Plating"},"image":{"@id":"https:\/\/valmetplating.it\/en\/#\/schema\/logo\/image\/"}}]}},"_links":{"self":[{"href":"https:\/\/valmetplating.it\/fr\/wp-json\/wp\/v2\/pages\/5409","targetHints":{"allow":["GET"]}}],"collection":[{"href":"https:\/\/valmetplating.it\/fr\/wp-json\/wp\/v2\/pages"}],"about":[{"href":"https:\/\/valmetplating.it\/fr\/wp-json\/wp\/v2\/types\/page"}],"author":[{"embeddable":true,"href":"https:\/\/valmetplating.it\/fr\/wp-json\/wp\/v2\/users\/2"}],"replies":[{"embeddable":true,"href":"https:\/\/valmetplating.it\/fr\/wp-json\/wp\/v2\/comments?post=5409"}],"version-history":[{"count":4,"href":"https:\/\/valmetplating.it\/fr\/wp-json\/wp\/v2\/pages\/5409\/revisions"}],"predecessor-version":[{"id":5864,"href":"https:\/\/valmetplating.it\/fr\/wp-json\/wp\/v2\/pages\/5409\/revisions\/5864"}],"wp:attachment":[{"href":"https:\/\/valmetplating.it\/fr\/wp-json\/wp\/v2\/media?parent=5409"}],"curies":[{"name":"wp","href":"https:\/\/api.w.org\/{rel}","templated":true}]}}