{"id":5387,"date":"2022-12-12T15:30:45","date_gmt":"2022-12-12T14:30:45","guid":{"rendered":"https:\/\/valmetplating.it\/service-apres-vente\/"},"modified":"2024-09-09T09:58:06","modified_gmt":"2024-09-09T07:58:06","slug":"service-apres-vente","status":"publish","type":"page","link":"https:\/\/valmetplating.it\/fr\/service-apres-vente\/","title":{"rendered":"Service apr\u00e8s-vente"},"content":{"rendered":"\t\t<div data-elementor-type=\"wp-page\" data-elementor-id=\"5387\" class=\"elementor elementor-5387 elementor-4030\" data-elementor-post-type=\"page\">\n\t\t\t\t\t\t<section class=\"elementor-section elementor-top-section elementor-element elementor-element-eda602d elementor-reverse-tablet elementor-reverse-mobile elementor-section-boxed elementor-section-height-default elementor-section-height-default\" data-id=\"eda602d\" data-element_type=\"section\" data-e-type=\"section\" data-settings=\"{&quot;background_background&quot;:&quot;classic&quot;}\">\n\t\t\t\t\t\t\t<div class=\"elementor-background-overlay\"><\/div>\n\t\t\t\t\t\t\t<div class=\"elementor-container elementor-column-gap-default\">\n\t\t\t\t\t<div class=\"elementor-column elementor-col-50 elementor-top-column elementor-element elementor-element-6fc9ba0\" data-id=\"6fc9ba0\" data-element_type=\"column\" data-e-type=\"column\">\n\t\t\t<div class=\"elementor-widget-wrap\">\n\t\t\t\t\t\t\t<\/div>\n\t\t<\/div>\n\t\t\t\t<div class=\"elementor-column elementor-col-50 elementor-top-column elementor-element elementor-element-86feeaa\" data-id=\"86feeaa\" data-element_type=\"column\" data-e-type=\"column\">\n\t\t\t<div class=\"elementor-widget-wrap elementor-element-populated\">\n\t\t\t\t\t\t<div class=\"elementor-element elementor-element-32032d3 elementor-widget elementor-widget-heading\" data-id=\"32032d3\" data-element_type=\"widget\" data-e-type=\"widget\" data-widget_type=\"heading.default\">\n\t\t\t\t<div class=\"elementor-widget-container\">\n\t\t\t\t\t<h2 class=\"elementor-heading-title elementor-size-default\">SERVICE APR\u00c8S-VENTE<\/h2>\t\t\t\t<\/div>\n\t\t\t\t<\/div>\n\t\t\t\t<div class=\"elementor-element elementor-element-8c20d36 elementor-widget elementor-widget-heading\" data-id=\"8c20d36\" data-element_type=\"widget\" data-e-type=\"widget\" data-widget_type=\"heading.default\">\n\t\t\t\t<div class=\"elementor-widget-container\">\n\t\t\t\t\t<h2 class=\"elementor-heading-title elementor-size-default\">UN SERVICE CLIENT\u00c8LE D\u00c9VOU\u00c9\nAUX CLIENTS<\/h2>\t\t\t\t<\/div>\n\t\t\t\t<\/div>\n\t\t\t\t<div class=\"elementor-element elementor-element-80e0a44 elementor-widget elementor-widget-heading\" data-id=\"80e0a44\" data-element_type=\"widget\" data-e-type=\"widget\" data-widget_type=\"heading.default\">\n\t\t\t\t<div class=\"elementor-widget-container\">\n\t\t\t\t\t<h2 class=\"elementor-heading-title elementor-size-default\">Vous pouvez compter sur un contact direct avec le personnel interne qui fournit une assistance technique sur les solutions galvaniques.<br> Valmet Plating avec assistance \u00e0 distance et sur site.<\/h2>\t\t\t\t<\/div>\n\t\t\t\t<\/div>\n\t\t\t\t\t<\/div>\n\t\t<\/div>\n\t\t\t\t\t<\/div>\n\t\t<\/section>\n\t\t\t\t<section class=\"elementor-section elementor-top-section elementor-element elementor-element-cbfb345 elementor-section-boxed elementor-section-height-default elementor-section-height-default\" data-id=\"cbfb345\" data-element_type=\"section\" data-e-type=\"section\">\n\t\t\t\t\t\t<div class=\"elementor-container elementor-column-gap-default\">\n\t\t\t\t\t<div class=\"elementor-column elementor-col-50 elementor-top-column elementor-element elementor-element-bb411bf\" data-id=\"bb411bf\" data-element_type=\"column\" data-e-type=\"column\">\n\t\t\t<div class=\"elementor-widget-wrap elementor-element-populated\">\n\t\t\t\t\t\t<div class=\"elementor-element elementor-element-de23407 elementor-widget elementor-widget-text-editor\" data-id=\"de23407\" data-element_type=\"widget\" data-e-type=\"widget\" data-widget_type=\"text-editor.default\">\n\t\t\t\t<div class=\"elementor-widget-container\">\n\t\t\t\t\t\t\t\t\t<p>Le service apr\u00e8s-vente est principalement li\u00e9 \u00e0 l&rsquo;assistance requise pour l&rsquo;utilisation de nos solutions galvaniques. Le service que nous offrons comprend \u00e0 la fois l&rsquo;assistance \u00e0 distance et l&rsquo;assistance sur site, directement sur les lignes de production. L&rsquo;\u00e9quipe d&rsquo;assistance \u00e0 la client\u00e8le est compos\u00e9e de techniciens sp\u00e9cialis\u00e9s qui connaissent toutes les caract\u00e9ristiques des bains galvaniques et sont en mesure de fournir des conseils sur leur utilisation correcte ou d&rsquo;intervenir pour modifier leur composition en fonction de besoins sp\u00e9cifiques ou pour maintenir leurs performances intactes.<\/p>\n\t\t\t\t\t\t\t\t<\/div>\n\t\t\t\t<\/div>\n\t\t\t\t\t<\/div>\n\t\t<\/div>\n\t\t\t\t<div class=\"elementor-column elementor-col-50 elementor-top-column elementor-element elementor-element-17ef975\" data-id=\"17ef975\" data-element_type=\"column\" data-e-type=\"column\">\n\t\t\t<div class=\"elementor-widget-wrap elementor-element-populated\">\n\t\t\t\t\t\t<div class=\"elementor-element elementor-element-f1d9265 elementor-widget elementor-widget-text-editor\" data-id=\"f1d9265\" data-element_type=\"widget\" data-e-type=\"widget\" data-widget_type=\"text-editor.default\">\n\t\t\t\t<div class=\"elementor-widget-container\">\n\t\t\t\t\t\t\t\t\t<p>L&rsquo;avantage pour les clients est double : d&rsquo;une part, ils savent qu&rsquo;ils peuvent compter sur une division qui leur est d\u00e9di\u00e9e, avec un contact direct avec les personnes qui se sont occup\u00e9es de la production et, souvent, des premiers conseils aux galvaniciens eux-m\u00eames. D&rsquo;autre part, ils ont la certitude qu&rsquo;en achetant un produit Valmet Plating, ils n&rsquo;ach\u00e8tent pas seulement une solution pour leur galvanoplastie, mais qu&rsquo;ils ont aussi la garantie d&rsquo;un service d&rsquo;assistance visant \u00e0 r\u00e9soudre les probl\u00e8mes ou \u00e0 am\u00e9liorer les performances du bain lui-m\u00eame.<\/p>\n\t\t\t\t\t\t\t\t<\/div>\n\t\t\t\t<\/div>\n\t\t\t\t\t<\/div>\n\t\t<\/div>\n\t\t\t\t\t<\/div>\n\t\t<\/section>\n\t\t\t\t<section class=\"elementor-section elementor-top-section elementor-element elementor-element-4c95054 elementor-section-boxed elementor-section-height-default elementor-section-height-default\" data-id=\"4c95054\" data-element_type=\"section\" data-e-type=\"section\" data-settings=\"{&quot;background_background&quot;:&quot;classic&quot;}\">\n\t\t\t\t\t\t<div class=\"elementor-container elementor-column-gap-default\">\n\t\t\t\t\t<div class=\"elementor-column elementor-col-50 elementor-top-column elementor-element elementor-element-893d717\" data-id=\"893d717\" data-element_type=\"column\" data-e-type=\"column\">\n\t\t\t<div class=\"elementor-widget-wrap elementor-element-populated\">\n\t\t\t\t\t\t<div class=\"elementor-element elementor-element-8193ab6 elementor-widget elementor-widget-spacer\" data-id=\"8193ab6\" data-element_type=\"widget\" data-e-type=\"widget\" data-widget_type=\"spacer.default\">\n\t\t\t\t<div class=\"elementor-widget-container\">\n\t\t\t\t\t\t\t<div class=\"elementor-spacer\">\n\t\t\t<div class=\"elementor-spacer-inner\"><\/div>\n\t\t<\/div>\n\t\t\t\t\t\t<\/div>\n\t\t\t\t<\/div>\n\t\t\t\t<div class=\"elementor-element elementor-element-40b30a7 elementor-widget elementor-widget-text-editor\" data-id=\"40b30a7\" data-element_type=\"widget\" data-e-type=\"widget\" data-widget_type=\"text-editor.default\">\n\t\t\t\t<div class=\"elementor-widget-container\">\n\t\t\t\t\t\t\t\t\t<p>Remplissez le formulaire pour demander des informations sur le service apr\u00e8s-vente et les options qu&rsquo;il propose.<\/p>\n\t\t\t\t\t\t\t\t<\/div>\n\t\t\t\t<\/div>\n\t\t\t\t\t<\/div>\n\t\t<\/div>\n\t\t\t\t<div class=\"elementor-column elementor-col-50 elementor-top-column elementor-element elementor-element-7a220e8\" data-id=\"7a220e8\" data-element_type=\"column\" data-e-type=\"column\">\n\t\t\t<div class=\"elementor-widget-wrap elementor-element-populated\">\n\t\t\t\t\t\t<div class=\"elementor-element elementor-element-4615008 elementor-button-align-stretch elementor-widget elementor-widget-form\" data-id=\"4615008\" data-element_type=\"widget\" data-e-type=\"widget\" data-settings=\"{&quot;step_next_label&quot;:&quot;Suivant&quot;,&quot;step_previous_label&quot;:&quot;Pr\\u00e9c\\u00e9dent&quot;,&quot;button_width&quot;:&quot;100&quot;,&quot;step_type&quot;:&quot;number_text&quot;,&quot;step_icon_shape&quot;:&quot;circle&quot;}\" data-widget_type=\"form.default\">\n\t\t\t\t<div class=\"elementor-widget-container\">\n\t\t\t\t\t\t\t<form class=\"elementor-form\" method=\"post\" name=\"Nouveau module\" aria-label=\"Nouveau module\">\n\t\t\t<input type=\"hidden\" name=\"post_id\" value=\"5387\"\/>\n\t\t\t<input type=\"hidden\" name=\"form_id\" value=\"4615008\"\/>\n\t\t\t<input type=\"hidden\" name=\"referer_title\" value=\"Valmet Plating\" \/>\n\n\t\t\t\n\t\t\t<div class=\"elementor-form-fields-wrapper elementor-labels-above\">\n\t\t\t\t\t\t\t\t<div class=\"elementor-field-type-text elementor-field-group elementor-column elementor-field-group-name elementor-col-100 elementor-field-required\">\n\t\t\t\t\t\t\t\t\t\t\t\t<label for=\"form-field-name\" class=\"elementor-field-label\">\n\t\t\t\t\t\t\t\tNom\t\t\t\t\t\t\t<\/label>\n\t\t\t\t\t\t\t\t\t\t\t\t\t\t<input size=\"1\" type=\"text\" name=\"form_fields[name]\" id=\"form-field-name\" class=\"elementor-field elementor-size-sm  elementor-field-textual\" placeholder=\"Nom\" required=\"required\">\n\t\t\t\t\t\t\t\t\t\t\t<\/div>\n\t\t\t\t\t\t\t\t<div class=\"elementor-field-type-email elementor-field-group elementor-column elementor-field-group-email elementor-col-100 elementor-field-required\">\n\t\t\t\t\t\t\t\t\t\t\t\t<label for=\"form-field-email\" class=\"elementor-field-label\">\n\t\t\t\t\t\t\t\tEmail\t\t\t\t\t\t\t<\/label>\n\t\t\t\t\t\t\t\t\t\t\t\t\t\t<input size=\"1\" type=\"email\" name=\"form_fields[email]\" id=\"form-field-email\" class=\"elementor-field elementor-size-sm  elementor-field-textual\" placeholder=\"Email\" required=\"required\">\n\t\t\t\t\t\t\t\t\t\t\t<\/div>\n\t\t\t\t\t\t\t\t<div class=\"elementor-field-type-textarea elementor-field-group elementor-column elementor-field-group-message elementor-col-100 elementor-field-required\">\n\t\t\t\t\t\t\t\t\t\t\t\t<label for=\"form-field-message\" class=\"elementor-field-label\">\n\t\t\t\t\t\t\t\tMessage\t\t\t\t\t\t\t<\/label>\n\t\t\t\t\t\t<textarea class=\"elementor-field-textual elementor-field  elementor-size-sm\" name=\"form_fields[message]\" id=\"form-field-message\" rows=\"4\" placeholder=\"Message\" required=\"required\"><\/textarea>\t\t\t\t<\/div>\n\t\t\t\t\t\t\t\t<div class=\"elementor-field-type-acceptance elementor-field-group elementor-column elementor-field-group-field_c33a7dd elementor-col-100 elementor-field-required\">\n\t\t\t\t\t\t\t<div class=\"elementor-field-subgroup\">\n\t\t\t<span class=\"elementor-field-option\">\n\t\t\t\t<input type=\"checkbox\" name=\"form_fields[field_c33a7dd]\" id=\"form-field-field_c33a7dd\" class=\"elementor-field elementor-size-sm  elementor-acceptance-field\" required=\"required\">\n\t\t\t\t<label for=\"form-field-field_c33a7dd\">En soumettant mes donn\u00e9es, je confirme que j'ai lu et que j'accepte la <a href=\"https:\/\/www.iubenda.com\/privacy-policy\/70615498\">politique<\/a> de traitement de Valmet Plating srl.<\/label>\t\t\t<\/span>\n\t\t<\/div>\n\t\t\t\t\t\t<\/div>\n\t\t\t\t\t\t\t\t<div class=\"elementor-field-group elementor-column elementor-field-type-submit elementor-col-100 e-form__buttons\">\n\t\t\t\t\t<button class=\"elementor-button elementor-size-sm\" type=\"submit\">\n\t\t\t\t\t\t<span class=\"elementor-button-content-wrapper\">\n\t\t\t\t\t\t\t\t\t\t\t\t\t\t\t\t\t\t\t\t\t\t<span class=\"elementor-button-text\">Envoyer<\/span>\n\t\t\t\t\t\t\t\t\t\t\t\t\t<\/span>\n\t\t\t\t\t<\/button>\n\t\t\t\t<\/div>\n\t\t\t<\/div>\n\t\t<\/form>\n\t\t\t\t\t\t<\/div>\n\t\t\t\t<\/div>\n\t\t\t\t\t<\/div>\n\t\t<\/div>\n\t\t\t\t\t<\/div>\n\t\t<\/section>\n\t\t\t\t<\/div>\n\t\t","protected":false},"excerpt":{"rendered":"<p>SERVICE APR\u00c8S-VENTE UN SERVICE CLIENT\u00c8LE D\u00c9VOU\u00c9 AUX CLIENTS Vous pouvez compter sur un contact direct avec le personnel interne qui fournit une assistance technique sur les solutions galvaniques. Valmet Plating avec assistance \u00e0 distance et sur site. Le service apr\u00e8s-vente est principalement li\u00e9 \u00e0 l&rsquo;assistance requise pour l&rsquo;utilisation de nos solutions galvaniques. Le service que [&hellip;]<\/p>\n","protected":false},"author":2,"featured_media":0,"parent":0,"menu_order":0,"comment_status":"closed","ping_status":"closed","template":"","meta":{"footnotes":""},"class_list":["post-5387","page","type-page","status-publish","hentry"],"yoast_head":"<!-- This site is optimized with the Yoast SEO plugin v27.1.1 - https:\/\/yoast.com\/product\/yoast-seo-wordpress\/ -->\n<title>Service apr\u00e8s-vente - Valmet Plating<\/title>\n<meta name=\"robots\" content=\"index, follow, max-snippet:-1, max-image-preview:large, max-video-preview:-1\" \/>\n<link rel=\"canonical\" href=\"https:\/\/valmetplating.it\/fr\/service-apres-vente\/\" \/>\n<meta property=\"og:locale\" content=\"fr_FR\" \/>\n<meta property=\"og:type\" content=\"article\" \/>\n<meta property=\"og:title\" content=\"Service apr\u00e8s-vente - Valmet Plating\" \/>\n<meta property=\"og:description\" content=\"SERVICE APR\u00c8S-VENTE UN SERVICE CLIENT\u00c8LE D\u00c9VOU\u00c9 AUX CLIENTS Vous pouvez compter sur un contact direct avec le personnel interne qui fournit une assistance technique sur les solutions galvaniques. Valmet Plating avec assistance \u00e0 distance et sur site. Le service apr\u00e8s-vente est principalement li\u00e9 \u00e0 l&rsquo;assistance requise pour l&rsquo;utilisation de nos solutions galvaniques. Le service que [&hellip;]\" \/>\n<meta property=\"og:url\" content=\"https:\/\/valmetplating.it\/fr\/service-apres-vente\/\" \/>\n<meta property=\"og:site_name\" content=\"Valmet Plating\" \/>\n<meta property=\"article:modified_time\" content=\"2024-09-09T07:58:06+00:00\" \/>\n<meta name=\"twitter:card\" content=\"summary_large_image\" \/>\n<meta name=\"twitter:label1\" content=\"Dur\u00e9e de lecture estim\u00e9e\" \/>\n\t<meta name=\"twitter:data1\" content=\"2 minutes\" \/>\n<script type=\"application\/ld+json\" class=\"yoast-schema-graph\">{\"@context\":\"https:\/\/schema.org\",\"@graph\":[{\"@type\":\"WebPage\",\"@id\":\"https:\/\/valmetplating.it\/fr\/service-apres-vente\/\",\"url\":\"https:\/\/valmetplating.it\/fr\/service-apres-vente\/\",\"name\":\"Service apr\u00e8s-vente - Valmet Plating\",\"isPartOf\":{\"@id\":\"https:\/\/valmetplating.it\/en\/#website\"},\"datePublished\":\"2022-12-12T14:30:45+00:00\",\"dateModified\":\"2024-09-09T07:58:06+00:00\",\"breadcrumb\":{\"@id\":\"https:\/\/valmetplating.it\/fr\/service-apres-vente\/#breadcrumb\"},\"inLanguage\":\"fr-FR\",\"potentialAction\":[{\"@type\":\"ReadAction\",\"target\":[\"https:\/\/valmetplating.it\/fr\/service-apres-vente\/\"]}]},{\"@type\":\"BreadcrumbList\",\"@id\":\"https:\/\/valmetplating.it\/fr\/service-apres-vente\/#breadcrumb\",\"itemListElement\":[{\"@type\":\"ListItem\",\"position\":1,\"name\":\"Home\",\"item\":\"https:\/\/valmetplating.it\/fr\/\"},{\"@type\":\"ListItem\",\"position\":2,\"name\":\"Service apr\u00e8s-vente\"}]},{\"@type\":\"WebSite\",\"@id\":\"https:\/\/valmetplating.it\/en\/#website\",\"url\":\"https:\/\/valmetplating.it\/en\/\",\"name\":\"Valmet Plating\",\"description\":\"Prodotti chimici per la galvanica. Soluzioni e bagni galvanici. Servizi di consulenza\",\"publisher\":{\"@id\":\"https:\/\/valmetplating.it\/en\/#organization\"},\"potentialAction\":[{\"@type\":\"SearchAction\",\"target\":{\"@type\":\"EntryPoint\",\"urlTemplate\":\"https:\/\/valmetplating.it\/en\/?s={search_term_string}\"},\"query-input\":{\"@type\":\"PropertyValueSpecification\",\"valueRequired\":true,\"valueName\":\"search_term_string\"}}],\"inLanguage\":\"fr-FR\"},{\"@type\":\"Organization\",\"@id\":\"https:\/\/valmetplating.it\/en\/#organization\",\"name\":\"Valmet Plating\",\"url\":\"https:\/\/valmetplating.it\/en\/\",\"logo\":{\"@type\":\"ImageObject\",\"inLanguage\":\"fr-FR\",\"@id\":\"https:\/\/valmetplating.it\/en\/#\/schema\/logo\/image\/\",\"url\":\"https:\/\/valmetplating.it\/wp-content\/uploads\/2021\/08\/Valmet_Plating_new_logo_rgb_eng.svg\",\"contentUrl\":\"https:\/\/valmetplating.it\/wp-content\/uploads\/2021\/08\/Valmet_Plating_new_logo_rgb_eng.svg\",\"width\":308,\"height\":108,\"caption\":\"Valmet Plating\"},\"image\":{\"@id\":\"https:\/\/valmetplating.it\/en\/#\/schema\/logo\/image\/\"}}]}<\/script>\n<!-- \/ Yoast SEO plugin. -->","yoast_head_json":{"title":"Service apr\u00e8s-vente - Valmet Plating","robots":{"index":"index","follow":"follow","max-snippet":"max-snippet:-1","max-image-preview":"max-image-preview:large","max-video-preview":"max-video-preview:-1"},"canonical":"https:\/\/valmetplating.it\/fr\/service-apres-vente\/","og_locale":"fr_FR","og_type":"article","og_title":"Service apr\u00e8s-vente - Valmet Plating","og_description":"SERVICE APR\u00c8S-VENTE UN SERVICE CLIENT\u00c8LE D\u00c9VOU\u00c9 AUX CLIENTS Vous pouvez compter sur un contact direct avec le personnel interne qui fournit une assistance technique sur les solutions galvaniques. Valmet Plating avec assistance \u00e0 distance et sur site. Le service apr\u00e8s-vente est principalement li\u00e9 \u00e0 l&rsquo;assistance requise pour l&rsquo;utilisation de nos solutions galvaniques. Le service que [&hellip;]","og_url":"https:\/\/valmetplating.it\/fr\/service-apres-vente\/","og_site_name":"Valmet Plating","article_modified_time":"2024-09-09T07:58:06+00:00","twitter_card":"summary_large_image","twitter_misc":{"Dur\u00e9e de lecture estim\u00e9e":"2 minutes"},"schema":{"@context":"https:\/\/schema.org","@graph":[{"@type":"WebPage","@id":"https:\/\/valmetplating.it\/fr\/service-apres-vente\/","url":"https:\/\/valmetplating.it\/fr\/service-apres-vente\/","name":"Service apr\u00e8s-vente - Valmet Plating","isPartOf":{"@id":"https:\/\/valmetplating.it\/en\/#website"},"datePublished":"2022-12-12T14:30:45+00:00","dateModified":"2024-09-09T07:58:06+00:00","breadcrumb":{"@id":"https:\/\/valmetplating.it\/fr\/service-apres-vente\/#breadcrumb"},"inLanguage":"fr-FR","potentialAction":[{"@type":"ReadAction","target":["https:\/\/valmetplating.it\/fr\/service-apres-vente\/"]}]},{"@type":"BreadcrumbList","@id":"https:\/\/valmetplating.it\/fr\/service-apres-vente\/#breadcrumb","itemListElement":[{"@type":"ListItem","position":1,"name":"Home","item":"https:\/\/valmetplating.it\/fr\/"},{"@type":"ListItem","position":2,"name":"Service apr\u00e8s-vente"}]},{"@type":"WebSite","@id":"https:\/\/valmetplating.it\/en\/#website","url":"https:\/\/valmetplating.it\/en\/","name":"Valmet Plating","description":"Prodotti chimici per la galvanica. Soluzioni e bagni galvanici. Servizi di consulenza","publisher":{"@id":"https:\/\/valmetplating.it\/en\/#organization"},"potentialAction":[{"@type":"SearchAction","target":{"@type":"EntryPoint","urlTemplate":"https:\/\/valmetplating.it\/en\/?s={search_term_string}"},"query-input":{"@type":"PropertyValueSpecification","valueRequired":true,"valueName":"search_term_string"}}],"inLanguage":"fr-FR"},{"@type":"Organization","@id":"https:\/\/valmetplating.it\/en\/#organization","name":"Valmet Plating","url":"https:\/\/valmetplating.it\/en\/","logo":{"@type":"ImageObject","inLanguage":"fr-FR","@id":"https:\/\/valmetplating.it\/en\/#\/schema\/logo\/image\/","url":"https:\/\/valmetplating.it\/wp-content\/uploads\/2021\/08\/Valmet_Plating_new_logo_rgb_eng.svg","contentUrl":"https:\/\/valmetplating.it\/wp-content\/uploads\/2021\/08\/Valmet_Plating_new_logo_rgb_eng.svg","width":308,"height":108,"caption":"Valmet Plating"},"image":{"@id":"https:\/\/valmetplating.it\/en\/#\/schema\/logo\/image\/"}}]}},"_links":{"self":[{"href":"https:\/\/valmetplating.it\/fr\/wp-json\/wp\/v2\/pages\/5387","targetHints":{"allow":["GET"]}}],"collection":[{"href":"https:\/\/valmetplating.it\/fr\/wp-json\/wp\/v2\/pages"}],"about":[{"href":"https:\/\/valmetplating.it\/fr\/wp-json\/wp\/v2\/types\/page"}],"author":[{"embeddable":true,"href":"https:\/\/valmetplating.it\/fr\/wp-json\/wp\/v2\/users\/2"}],"replies":[{"embeddable":true,"href":"https:\/\/valmetplating.it\/fr\/wp-json\/wp\/v2\/comments?post=5387"}],"version-history":[{"count":4,"href":"https:\/\/valmetplating.it\/fr\/wp-json\/wp\/v2\/pages\/5387\/revisions"}],"predecessor-version":[{"id":6690,"href":"https:\/\/valmetplating.it\/fr\/wp-json\/wp\/v2\/pages\/5387\/revisions\/6690"}],"wp:attachment":[{"href":"https:\/\/valmetplating.it\/fr\/wp-json\/wp\/v2\/media?parent=5387"}],"curies":[{"name":"wp","href":"https:\/\/api.w.org\/{rel}","templated":true}]}}