{"id":5385,"date":"2022-12-13T16:33:46","date_gmt":"2022-12-13T15:33:46","guid":{"rendered":"https:\/\/valmetplating.it\/anodes\/"},"modified":"2024-09-05T16:02:41","modified_gmt":"2024-09-05T14:02:41","slug":"anodes","status":"publish","type":"page","link":"https:\/\/valmetplating.it\/fr\/anodes\/","title":{"rendered":"Anodes"},"content":{"rendered":"\t\t<div data-elementor-type=\"wp-page\" data-elementor-id=\"5385\" class=\"elementor elementor-5385 elementor-4073\" data-elementor-post-type=\"page\">\n\t\t\t\t\t\t<section class=\"elementor-section elementor-top-section elementor-element elementor-element-30ab1c3 elementor-reverse-tablet elementor-reverse-mobile elementor-section-boxed elementor-section-height-default elementor-section-height-default\" data-id=\"30ab1c3\" data-element_type=\"section\" data-e-type=\"section\" data-settings=\"{&quot;background_background&quot;:&quot;classic&quot;}\">\n\t\t\t\t\t\t\t<div class=\"elementor-background-overlay\"><\/div>\n\t\t\t\t\t\t\t<div class=\"elementor-container elementor-column-gap-default\">\n\t\t\t\t\t<div class=\"elementor-column elementor-col-50 elementor-top-column elementor-element elementor-element-af6a111\" data-id=\"af6a111\" data-element_type=\"column\" data-e-type=\"column\">\n\t\t\t<div class=\"elementor-widget-wrap elementor-element-populated\">\n\t\t\t\t\t\t<div class=\"elementor-element elementor-element-c26596b elementor-widget elementor-widget-heading\" data-id=\"c26596b\" data-element_type=\"widget\" data-e-type=\"widget\" data-widget_type=\"heading.default\">\n\t\t\t\t<div class=\"elementor-widget-container\">\n\t\t\t\t\t<h2 class=\"elementor-heading-title elementor-size-default\">ANODES<\/h2>\t\t\t\t<\/div>\n\t\t\t\t<\/div>\n\t\t\t\t<div class=\"elementor-element elementor-element-a652779 elementor-widget elementor-widget-heading\" data-id=\"a652779\" data-element_type=\"widget\" data-e-type=\"widget\" data-widget_type=\"heading.default\">\n\t\t\t\t<div class=\"elementor-widget-container\">\n\t\t\t\t\t<h2 class=\"elementor-heading-title elementor-size-default\">DANS DIFF\u00c9RENTS MAT\u00c9RIAUX\nET POUR CHAQUE TYPE D'APPLICATION<\/h2>\t\t\t\t<\/div>\n\t\t\t\t<\/div>\n\t\t\t\t<div class=\"elementor-element elementor-element-0e4c08d elementor-widget elementor-widget-heading\" data-id=\"0e4c08d\" data-element_type=\"widget\" data-e-type=\"widget\" data-widget_type=\"heading.default\">\n\t\t\t\t<div class=\"elementor-widget-container\">\n\t\t\t\t\t<h2 class=\"elementor-heading-title elementor-size-default\">Une gamme d'anodes de qualit\u00e9 absolue, con\u00e7ues pour diff\u00e9rents types d'utilisation <\/h2>\t\t\t\t<\/div>\n\t\t\t\t<\/div>\n\t\t\t\t\t<\/div>\n\t\t<\/div>\n\t\t\t\t<div class=\"elementor-column elementor-col-50 elementor-top-column elementor-element elementor-element-fd1ee4a\" data-id=\"fd1ee4a\" data-element_type=\"column\" data-e-type=\"column\">\n\t\t\t<div class=\"elementor-widget-wrap elementor-element-populated\">\n\t\t\t\t\t\t<div class=\"elementor-element elementor-element-ddcea20 elementor-widget elementor-widget-image\" data-id=\"ddcea20\" data-element_type=\"widget\" data-e-type=\"widget\" data-widget_type=\"image.default\">\n\t\t\t\t<div class=\"elementor-widget-container\">\n\t\t\t\t\t\t\t\t\t\t\t\t\t\t\t<img fetchpriority=\"high\" decoding=\"async\" width=\"726\" height=\"158\" src=\"https:\/\/valmetplating.it\/wp-content\/uploads\/2022\/04\/Logo-YAMAMOTO.png\" class=\"attachment-large size-large wp-image-5237\" alt=\"\" srcset=\"https:\/\/valmetplating.it\/wp-content\/uploads\/2022\/04\/Logo-YAMAMOTO.png 726w, https:\/\/valmetplating.it\/wp-content\/uploads\/2022\/04\/Logo-YAMAMOTO-300x65.png 300w\" sizes=\"(max-width: 726px) 100vw, 726px\" \/>\t\t\t\t\t\t\t\t\t\t\t\t\t\t\t<\/div>\n\t\t\t\t<\/div>\n\t\t\t\t\t<\/div>\n\t\t<\/div>\n\t\t\t\t\t<\/div>\n\t\t<\/section>\n\t\t\t\t<section class=\"elementor-section elementor-top-section elementor-element elementor-element-dcfd817 elementor-section-boxed elementor-section-height-default elementor-section-height-default\" data-id=\"dcfd817\" data-element_type=\"section\" data-e-type=\"section\">\n\t\t\t\t\t\t<div class=\"elementor-container elementor-column-gap-default\">\n\t\t\t\t\t<div class=\"elementor-column elementor-col-50 elementor-top-column elementor-element elementor-element-a754285\" data-id=\"a754285\" data-element_type=\"column\" data-e-type=\"column\">\n\t\t\t<div class=\"elementor-widget-wrap elementor-element-populated\">\n\t\t\t\t\t\t<div class=\"elementor-element elementor-element-34917ac elementor-widget elementor-widget-text-editor\" data-id=\"34917ac\" data-element_type=\"widget\" data-e-type=\"widget\" data-widget_type=\"text-editor.default\">\n\t\t\t\t<div class=\"elementor-widget-container\">\n\t\t\t\t\t\t\t\t\t<p>La gamme d&rsquo;anodes que nous fournissons comprend des anodes et oxydes mixtes, en titane platin\u00e9 et en graphite, sp\u00e9cifiques \u00e0 chaque bain et de toutes tailles.<\/p>\n<p>Pour plus d&rsquo;informations sur les anodes, veuillez remplir le formulaire de demande de renseignements, en indiquant dans le champ Message les produits qui vous int\u00e9ressent.<\/p>\n\t\t\t\t\t\t\t\t<\/div>\n\t\t\t\t<\/div>\n\t\t\t\t\t<\/div>\n\t\t<\/div>\n\t\t\t\t<div class=\"elementor-column elementor-col-50 elementor-top-column elementor-element elementor-element-a469e2d\" data-id=\"a469e2d\" data-element_type=\"column\" data-e-type=\"column\">\n\t\t\t<div class=\"elementor-widget-wrap elementor-element-populated\">\n\t\t\t\t\t\t<div class=\"elementor-element elementor-element-ae90830 elementor-widget elementor-widget-heading\" data-id=\"ae90830\" data-element_type=\"widget\" data-e-type=\"widget\" data-widget_type=\"heading.default\">\n\t\t\t\t<div class=\"elementor-widget-container\">\n\t\t\t\t\t<h2 class=\"elementor-heading-title elementor-size-default\">DEMANDE D'INFORMATIONS SUR LES ANODES YAMAMOTO-MS<\/h2>\t\t\t\t<\/div>\n\t\t\t\t<\/div>\n\t\t\t\t<div class=\"elementor-element elementor-element-77e3514 elementor-button-align-stretch elementor-widget elementor-widget-form\" data-id=\"77e3514\" data-element_type=\"widget\" data-e-type=\"widget\" data-settings=\"{&quot;step_next_label&quot;:&quot;Suivant&quot;,&quot;step_previous_label&quot;:&quot;Pr\\u00e9c\\u00e9dent&quot;,&quot;button_width&quot;:&quot;100&quot;,&quot;step_type&quot;:&quot;number_text&quot;,&quot;step_icon_shape&quot;:&quot;circle&quot;}\" data-widget_type=\"form.default\">\n\t\t\t\t<div class=\"elementor-widget-container\">\n\t\t\t\t\t\t\t<form class=\"elementor-form\" method=\"post\" name=\"Nouveau module\" aria-label=\"Nouveau module\">\n\t\t\t<input type=\"hidden\" name=\"post_id\" value=\"5385\"\/>\n\t\t\t<input type=\"hidden\" name=\"form_id\" value=\"77e3514\"\/>\n\t\t\t<input type=\"hidden\" name=\"referer_title\" value=\"Valmet Plating\" \/>\n\n\t\t\t\n\t\t\t<div class=\"elementor-form-fields-wrapper elementor-labels-above\">\n\t\t\t\t\t\t\t\t<div class=\"elementor-field-type-text elementor-field-group elementor-column elementor-field-group-name elementor-col-100 elementor-field-required\">\n\t\t\t\t\t\t\t\t\t\t\t\t<label for=\"form-field-name\" class=\"elementor-field-label\">\n\t\t\t\t\t\t\t\tNom et pr\u00e9nom\t\t\t\t\t\t\t<\/label>\n\t\t\t\t\t\t\t\t\t\t\t\t\t\t<input size=\"1\" type=\"text\" name=\"form_fields[name]\" id=\"form-field-name\" class=\"elementor-field elementor-size-sm  elementor-field-textual\" placeholder=\"Nom et pr\u00e9nom\" required=\"required\">\n\t\t\t\t\t\t\t\t\t\t\t<\/div>\n\t\t\t\t\t\t\t\t<div class=\"elementor-field-type-text elementor-field-group elementor-column elementor-field-group-field_f51aa84 elementor-col-100 elementor-field-required\">\n\t\t\t\t\t\t\t\t\t\t\t\t<label for=\"form-field-field_f51aa84\" class=\"elementor-field-label\">\n\t\t\t\t\t\t\t\tEntreprise\t\t\t\t\t\t\t<\/label>\n\t\t\t\t\t\t\t\t\t\t\t\t\t\t<input size=\"1\" type=\"text\" name=\"form_fields[field_f51aa84]\" id=\"form-field-field_f51aa84\" class=\"elementor-field elementor-size-sm  elementor-field-textual\" placeholder=\"Entreprise\" required=\"required\">\n\t\t\t\t\t\t\t\t\t\t\t<\/div>\n\t\t\t\t\t\t\t\t<div class=\"elementor-field-type-email elementor-field-group elementor-column elementor-field-group-email elementor-col-100 elementor-field-required\">\n\t\t\t\t\t\t\t\t\t\t\t\t<label for=\"form-field-email\" class=\"elementor-field-label\">\n\t\t\t\t\t\t\t\tEmail\t\t\t\t\t\t\t<\/label>\n\t\t\t\t\t\t\t\t\t\t\t\t\t\t<input size=\"1\" type=\"email\" name=\"form_fields[email]\" id=\"form-field-email\" class=\"elementor-field elementor-size-sm  elementor-field-textual\" placeholder=\"Email\" required=\"required\">\n\t\t\t\t\t\t\t\t\t\t\t<\/div>\n\t\t\t\t\t\t\t\t<div class=\"elementor-field-type-select elementor-field-group elementor-column elementor-field-group-field_1ad9bcf elementor-col-100 elementor-field-required\">\n\t\t\t\t\t\t\t\t\t\t\t\t<label for=\"form-field-field_1ad9bcf\" class=\"elementor-field-label\">\n\t\t\t\t\t\t\t\tType d'article\t\t\t\t\t\t\t<\/label>\n\t\t\t\t\t\t\t\t<div class=\"elementor-field elementor-select-wrapper remove-before \">\n\t\t\t<div class=\"select-caret-down-wrapper\">\n\t\t\t\t<i aria-hidden=\"true\" class=\"eicon-caret-down\"><\/i>\t\t\t<\/div>\n\t\t\t<select name=\"form_fields[field_1ad9bcf]\" id=\"form-field-field_1ad9bcf\" class=\"elementor-field-textual elementor-size-sm\" required=\"required\">\n\t\t\t\t\t\t\t\t\t<option value=\"CELLULES DE HULL EN ACRYLIQUE\">CELLULES DE HULL EN ACRYLIQUE<\/option>\n\t\t\t\t\t\t\t\t\t<option value=\"CELLULES DE HULL EN ACRYLIQUE\">CELLULES DE HULL EN ACRYLIQUE<\/option>\n\t\t\t\t\t\t\t\t\t<option value=\"ANODES\">ANODES<\/option>\n\t\t\t\t\t\t\t\t\t<option value=\"FEUILLES DE LAITON\">FEUILLES DE LAITON<\/option>\n\t\t\t\t\t\t\t<\/select>\n\t\t<\/div>\n\t\t\t\t\t\t<\/div>\n\t\t\t\t\t\t\t\t<div class=\"elementor-field-type-textarea elementor-field-group elementor-column elementor-field-group-message elementor-col-100\">\n\t\t\t\t\t\t\t\t\t\t\t\t<label for=\"form-field-message\" class=\"elementor-field-label\">\n\t\t\t\t\t\t\t\tMessage\t\t\t\t\t\t\t<\/label>\n\t\t\t\t\t\t<textarea class=\"elementor-field-textual elementor-field  elementor-size-sm\" name=\"form_fields[message]\" id=\"form-field-message\" rows=\"4\" placeholder=\"Message\"><\/textarea>\t\t\t\t<\/div>\n\t\t\t\t\t\t\t\t<div class=\"elementor-field-type-acceptance elementor-field-group elementor-column elementor-field-group-field_09385dc elementor-col-100 elementor-field-required\">\n\t\t\t\t\t\t\t<div class=\"elementor-field-subgroup\">\n\t\t\t<span class=\"elementor-field-option\">\n\t\t\t\t<input type=\"checkbox\" name=\"form_fields[field_09385dc]\" id=\"form-field-field_09385dc\" class=\"elementor-field elementor-size-sm  elementor-acceptance-field\" required=\"required\">\n\t\t\t\t<label for=\"form-field-field_09385dc\">J'autorise Valmet Plating Srl \u00e0 traiter mes donn\u00e9es dans ce formulaire afin de recevoir des informations relatives aux produits susmentionn\u00e9s et conform\u00e9ment \u00e0 la politique de confidentialit\u00e9 conform\u00e9ment au r\u00e8glement (UE) no. 2016\/679<\/label>\t\t\t<\/span>\n\t\t<\/div>\n\t\t\t\t\t\t<\/div>\n\t\t\t\t\t\t\t\t<div class=\"elementor-field-group elementor-column elementor-field-type-submit elementor-col-100 e-form__buttons\">\n\t\t\t\t\t<button class=\"elementor-button elementor-size-sm\" type=\"submit\">\n\t\t\t\t\t\t<span class=\"elementor-button-content-wrapper\">\n\t\t\t\t\t\t\t\t\t\t\t\t\t\t\t\t\t\t\t\t\t\t<span class=\"elementor-button-text\">Envoyer<\/span>\n\t\t\t\t\t\t\t\t\t\t\t\t\t<\/span>\n\t\t\t\t\t<\/button>\n\t\t\t\t<\/div>\n\t\t\t<\/div>\n\t\t<\/form>\n\t\t\t\t\t\t<\/div>\n\t\t\t\t<\/div>\n\t\t\t\t\t<\/div>\n\t\t<\/div>\n\t\t\t\t\t<\/div>\n\t\t<\/section>\n\t\t\t\t<\/div>\n\t\t","protected":false},"excerpt":{"rendered":"<p>ANODES DANS DIFF\u00c9RENTS MAT\u00c9RIAUX ET POUR CHAQUE TYPE D&rsquo;APPLICATION Une gamme d&rsquo;anodes de qualit\u00e9 absolue, con\u00e7ues pour diff\u00e9rents types d&rsquo;utilisation La gamme d&rsquo;anodes que nous fournissons comprend des anodes et oxydes mixtes, en titane platin\u00e9 et en graphite, sp\u00e9cifiques \u00e0 chaque bain et de toutes tailles. Pour plus d&rsquo;informations sur les anodes, veuillez remplir le [&hellip;]<\/p>\n","protected":false},"author":2,"featured_media":0,"parent":0,"menu_order":0,"comment_status":"closed","ping_status":"closed","template":"elementor_header_footer","meta":{"footnotes":""},"class_list":["post-5385","page","type-page","status-publish","hentry"],"yoast_head":"<!-- This site is optimized with the Yoast SEO plugin v27.1.1 - https:\/\/yoast.com\/product\/yoast-seo-wordpress\/ -->\n<title>Anodes - Valmet Plating<\/title>\n<meta name=\"robots\" content=\"index, follow, max-snippet:-1, max-image-preview:large, max-video-preview:-1\" \/>\n<link rel=\"canonical\" href=\"https:\/\/valmetplating.it\/fr\/anodes\/\" \/>\n<meta property=\"og:locale\" content=\"fr_FR\" \/>\n<meta property=\"og:type\" content=\"article\" \/>\n<meta property=\"og:title\" content=\"Anodes - Valmet Plating\" \/>\n<meta property=\"og:description\" content=\"ANODES DANS DIFF\u00c9RENTS MAT\u00c9RIAUX ET POUR CHAQUE TYPE D&rsquo;APPLICATION Une gamme d&rsquo;anodes de qualit\u00e9 absolue, con\u00e7ues pour diff\u00e9rents types d&rsquo;utilisation La gamme d&rsquo;anodes que nous fournissons comprend des anodes et oxydes mixtes, en titane platin\u00e9 et en graphite, sp\u00e9cifiques \u00e0 chaque bain et de toutes tailles. Pour plus d&rsquo;informations sur les anodes, veuillez remplir le [&hellip;]\" \/>\n<meta property=\"og:url\" content=\"https:\/\/valmetplating.it\/fr\/anodes\/\" \/>\n<meta property=\"og:site_name\" content=\"Valmet Plating\" \/>\n<meta property=\"article:modified_time\" content=\"2024-09-05T14:02:41+00:00\" \/>\n<meta property=\"og:image\" content=\"https:\/\/valmetplating.it\/wp-content\/uploads\/2022\/04\/Logo-YAMAMOTO.png\" \/>\n<meta name=\"twitter:card\" content=\"summary_large_image\" \/>\n<meta name=\"twitter:label1\" content=\"Dur\u00e9e de lecture estim\u00e9e\" \/>\n\t<meta name=\"twitter:data1\" content=\"1 minute\" \/>\n<script type=\"application\/ld+json\" class=\"yoast-schema-graph\">{\"@context\":\"https:\/\/schema.org\",\"@graph\":[{\"@type\":\"WebPage\",\"@id\":\"https:\/\/valmetplating.it\/fr\/anodes\/\",\"url\":\"https:\/\/valmetplating.it\/fr\/anodes\/\",\"name\":\"Anodes - Valmet Plating\",\"isPartOf\":{\"@id\":\"https:\/\/valmetplating.it\/en\/#website\"},\"primaryImageOfPage\":{\"@id\":\"https:\/\/valmetplating.it\/fr\/anodes\/#primaryimage\"},\"image\":{\"@id\":\"https:\/\/valmetplating.it\/fr\/anodes\/#primaryimage\"},\"thumbnailUrl\":\"https:\/\/valmetplating.it\/wp-content\/uploads\/2022\/04\/Logo-YAMAMOTO.png\",\"datePublished\":\"2022-12-13T15:33:46+00:00\",\"dateModified\":\"2024-09-05T14:02:41+00:00\",\"breadcrumb\":{\"@id\":\"https:\/\/valmetplating.it\/fr\/anodes\/#breadcrumb\"},\"inLanguage\":\"fr-FR\",\"potentialAction\":[{\"@type\":\"ReadAction\",\"target\":[\"https:\/\/valmetplating.it\/fr\/anodes\/\"]}]},{\"@type\":\"ImageObject\",\"inLanguage\":\"fr-FR\",\"@id\":\"https:\/\/valmetplating.it\/fr\/anodes\/#primaryimage\",\"url\":\"https:\/\/valmetplating.it\/wp-content\/uploads\/2022\/04\/Logo-YAMAMOTO.png\",\"contentUrl\":\"https:\/\/valmetplating.it\/wp-content\/uploads\/2022\/04\/Logo-YAMAMOTO.png\"},{\"@type\":\"BreadcrumbList\",\"@id\":\"https:\/\/valmetplating.it\/fr\/anodes\/#breadcrumb\",\"itemListElement\":[{\"@type\":\"ListItem\",\"position\":1,\"name\":\"Home\",\"item\":\"https:\/\/valmetplating.it\/fr\/\"},{\"@type\":\"ListItem\",\"position\":2,\"name\":\"Anodes\"}]},{\"@type\":\"WebSite\",\"@id\":\"https:\/\/valmetplating.it\/en\/#website\",\"url\":\"https:\/\/valmetplating.it\/en\/\",\"name\":\"Valmet Plating\",\"description\":\"Prodotti chimici per la galvanica. Soluzioni e bagni galvanici. Servizi di consulenza\",\"publisher\":{\"@id\":\"https:\/\/valmetplating.it\/en\/#organization\"},\"potentialAction\":[{\"@type\":\"SearchAction\",\"target\":{\"@type\":\"EntryPoint\",\"urlTemplate\":\"https:\/\/valmetplating.it\/en\/?s={search_term_string}\"},\"query-input\":{\"@type\":\"PropertyValueSpecification\",\"valueRequired\":true,\"valueName\":\"search_term_string\"}}],\"inLanguage\":\"fr-FR\"},{\"@type\":\"Organization\",\"@id\":\"https:\/\/valmetplating.it\/en\/#organization\",\"name\":\"Valmet Plating\",\"url\":\"https:\/\/valmetplating.it\/en\/\",\"logo\":{\"@type\":\"ImageObject\",\"inLanguage\":\"fr-FR\",\"@id\":\"https:\/\/valmetplating.it\/en\/#\/schema\/logo\/image\/\",\"url\":\"https:\/\/valmetplating.it\/wp-content\/uploads\/2021\/08\/Valmet_Plating_new_logo_rgb_eng.svg\",\"contentUrl\":\"https:\/\/valmetplating.it\/wp-content\/uploads\/2021\/08\/Valmet_Plating_new_logo_rgb_eng.svg\",\"width\":308,\"height\":108,\"caption\":\"Valmet Plating\"},\"image\":{\"@id\":\"https:\/\/valmetplating.it\/en\/#\/schema\/logo\/image\/\"}}]}<\/script>\n<!-- \/ Yoast SEO plugin. -->","yoast_head_json":{"title":"Anodes - Valmet Plating","robots":{"index":"index","follow":"follow","max-snippet":"max-snippet:-1","max-image-preview":"max-image-preview:large","max-video-preview":"max-video-preview:-1"},"canonical":"https:\/\/valmetplating.it\/fr\/anodes\/","og_locale":"fr_FR","og_type":"article","og_title":"Anodes - Valmet Plating","og_description":"ANODES DANS DIFF\u00c9RENTS MAT\u00c9RIAUX ET POUR CHAQUE TYPE D&rsquo;APPLICATION Une gamme d&rsquo;anodes de qualit\u00e9 absolue, con\u00e7ues pour diff\u00e9rents types d&rsquo;utilisation La gamme d&rsquo;anodes que nous fournissons comprend des anodes et oxydes mixtes, en titane platin\u00e9 et en graphite, sp\u00e9cifiques \u00e0 chaque bain et de toutes tailles. Pour plus d&rsquo;informations sur les anodes, veuillez remplir le [&hellip;]","og_url":"https:\/\/valmetplating.it\/fr\/anodes\/","og_site_name":"Valmet Plating","article_modified_time":"2024-09-05T14:02:41+00:00","og_image":[{"url":"https:\/\/valmetplating.it\/wp-content\/uploads\/2022\/04\/Logo-YAMAMOTO.png","type":"","width":"","height":""}],"twitter_card":"summary_large_image","twitter_misc":{"Dur\u00e9e de lecture estim\u00e9e":"1 minute"},"schema":{"@context":"https:\/\/schema.org","@graph":[{"@type":"WebPage","@id":"https:\/\/valmetplating.it\/fr\/anodes\/","url":"https:\/\/valmetplating.it\/fr\/anodes\/","name":"Anodes - Valmet Plating","isPartOf":{"@id":"https:\/\/valmetplating.it\/en\/#website"},"primaryImageOfPage":{"@id":"https:\/\/valmetplating.it\/fr\/anodes\/#primaryimage"},"image":{"@id":"https:\/\/valmetplating.it\/fr\/anodes\/#primaryimage"},"thumbnailUrl":"https:\/\/valmetplating.it\/wp-content\/uploads\/2022\/04\/Logo-YAMAMOTO.png","datePublished":"2022-12-13T15:33:46+00:00","dateModified":"2024-09-05T14:02:41+00:00","breadcrumb":{"@id":"https:\/\/valmetplating.it\/fr\/anodes\/#breadcrumb"},"inLanguage":"fr-FR","potentialAction":[{"@type":"ReadAction","target":["https:\/\/valmetplating.it\/fr\/anodes\/"]}]},{"@type":"ImageObject","inLanguage":"fr-FR","@id":"https:\/\/valmetplating.it\/fr\/anodes\/#primaryimage","url":"https:\/\/valmetplating.it\/wp-content\/uploads\/2022\/04\/Logo-YAMAMOTO.png","contentUrl":"https:\/\/valmetplating.it\/wp-content\/uploads\/2022\/04\/Logo-YAMAMOTO.png"},{"@type":"BreadcrumbList","@id":"https:\/\/valmetplating.it\/fr\/anodes\/#breadcrumb","itemListElement":[{"@type":"ListItem","position":1,"name":"Home","item":"https:\/\/valmetplating.it\/fr\/"},{"@type":"ListItem","position":2,"name":"Anodes"}]},{"@type":"WebSite","@id":"https:\/\/valmetplating.it\/en\/#website","url":"https:\/\/valmetplating.it\/en\/","name":"Valmet Plating","description":"Prodotti chimici per la galvanica. Soluzioni e bagni galvanici. Servizi di consulenza","publisher":{"@id":"https:\/\/valmetplating.it\/en\/#organization"},"potentialAction":[{"@type":"SearchAction","target":{"@type":"EntryPoint","urlTemplate":"https:\/\/valmetplating.it\/en\/?s={search_term_string}"},"query-input":{"@type":"PropertyValueSpecification","valueRequired":true,"valueName":"search_term_string"}}],"inLanguage":"fr-FR"},{"@type":"Organization","@id":"https:\/\/valmetplating.it\/en\/#organization","name":"Valmet Plating","url":"https:\/\/valmetplating.it\/en\/","logo":{"@type":"ImageObject","inLanguage":"fr-FR","@id":"https:\/\/valmetplating.it\/en\/#\/schema\/logo\/image\/","url":"https:\/\/valmetplating.it\/wp-content\/uploads\/2021\/08\/Valmet_Plating_new_logo_rgb_eng.svg","contentUrl":"https:\/\/valmetplating.it\/wp-content\/uploads\/2021\/08\/Valmet_Plating_new_logo_rgb_eng.svg","width":308,"height":108,"caption":"Valmet Plating"},"image":{"@id":"https:\/\/valmetplating.it\/en\/#\/schema\/logo\/image\/"}}]}},"_links":{"self":[{"href":"https:\/\/valmetplating.it\/fr\/wp-json\/wp\/v2\/pages\/5385","targetHints":{"allow":["GET"]}}],"collection":[{"href":"https:\/\/valmetplating.it\/fr\/wp-json\/wp\/v2\/pages"}],"about":[{"href":"https:\/\/valmetplating.it\/fr\/wp-json\/wp\/v2\/types\/page"}],"author":[{"embeddable":true,"href":"https:\/\/valmetplating.it\/fr\/wp-json\/wp\/v2\/users\/2"}],"replies":[{"embeddable":true,"href":"https:\/\/valmetplating.it\/fr\/wp-json\/wp\/v2\/comments?post=5385"}],"version-history":[{"count":4,"href":"https:\/\/valmetplating.it\/fr\/wp-json\/wp\/v2\/pages\/5385\/revisions"}],"predecessor-version":[{"id":6574,"href":"https:\/\/valmetplating.it\/fr\/wp-json\/wp\/v2\/pages\/5385\/revisions\/6574"}],"wp:attachment":[{"href":"https:\/\/valmetplating.it\/fr\/wp-json\/wp\/v2\/media?parent=5385"}],"curies":[{"name":"wp","href":"https:\/\/api.w.org\/{rel}","templated":true}]}}